{"id":154,"date":"2026-03-06T05:33:08","date_gmt":"2026-03-06T05:33:08","guid":{"rendered":"https:\/\/tousabloc-medias.fr\/?page_id=154"},"modified":"2026-03-22T09:59:33","modified_gmt":"2026-03-22T09:59:33","slug":"site-internet","status":"publish","type":"page","link":"https:\/\/tousabloc-medias.fr\/index.php\/site-internet\/","title":{"rendered":"Site internet"},"content":{"rendered":"<div class=\"et_pb_section_0 et_pb_section et_section_regular et_flex_section\">\n<div class=\"et_pb_row_0 et_pb_row et_flex_row\">\n<div class=\"et_pb_column_0 et_pb_column et-last-child et_flex_column et_pb_css_mix_blend_mode_passthrough et_flex_column_24_24 et_flex_column_24_24_tablet et_flex_column_24_24_phone\">\n<div class=\"et_pb_text_0 et_pb_text et_pb_bg_layout_light et_pb_module et_flex_module\"><div class=\"et_pb_text_inner\"><h1 style=\"text-align: center;\"><strong><span style=\"color: #ff6600;\">Espace Sites internet<\/span><\/strong><\/h1>\n<\/div><\/div>\n<\/div>\n<\/div>\n<\/div>\n\n<div class=\"et_pb_section_1 et_pb_section et_section_regular et_block_section\">\n<div class=\"et_pb_row_1 et_pb_row et_block_row\">\n<div class=\"et_pb_column_1 et_pb_column et_pb_column_4_4 et-last-child et_block_column et_pb_css_mix_blend_mode_passthrough\">\n<div class=\"et_pb_text_1 et_pb_text et_pb_bg_layout_dark et_pb_module et_flex_module\"><div class=\"et_pb_text_inner\"><p style=\"text-align: center;\"><span style=\"color: #e54f25;\"><strong>Retrouvez dans cette section les informations relatives \u00e0 notre activit\u00e9<\/strong><\/span><\/p>\n<p style=\"text-align: center;\"><span style=\"color: #e54f25;\"><strong>Cr\u00e9ation de site web, web-design,\u00a0refonte, r\u00e9f\u00e9rencement<\/strong><\/span><\/p>\n<\/div><\/div>\n\n<div class=\"et_pb_text_2 et_pb_text et_pb_bg_layout_light et_pb_module et_block_module\"><div class=\"et_pb_text_inner\"><p><!-- wp:paragraph --><\/p>\n<div class=\"et_pb_module et_pb_text et_pb_text_1 et_pb_text_align_center et_pb_bg_layout_light et_had_animation\">\n<div class=\"et_pb_text_inner\">\n<h1>Nous vous proposons la cr\u00e9ation, la maintenance de votre site Web, ainsi que le r\u00e9f\u00e9rencement professionnel.<\/h1>\n<\/div>\n<\/div>\n<div class=\"et_pb_module et_pb_text et_pb_text_2 et_pb_text_align_center et_pb_bg_layout_light et_had_animation\">\n<div class=\"et_pb_text_inner\">\n<h3>Nous r\u00e9alisons des sites personnalis\u00e9s de type vitrine, catalogue et e-commerce.<\/h3>\n<\/div>\n<\/div>\n<p><!-- \/wp:paragraph --><\/p>\n<p><!-- wp:quote --><\/p>\n<blockquote class=\"wp-block-quote\">\n<p><span>Un site\u00a0<strong>vitrine\u00a0<\/strong><\/span>pr\u00e9sente<span>\u00a0<\/span><strong>les produits et services de votre activit\u00e9<\/strong><span><strong>, sans vendre en ligne.<\/strong>\u00a0<\/span><\/p>\n<p><span>Ue site\u00a0<strong>catalogue<\/strong>\u00a0pr\u00e9<\/span><span>sente des\u00a0<strong>produits<\/strong>\u00a0mais\u00a0<strong>sans possibilit\u00e9 d\u2019achat en ligne.<\/strong><\/span><\/p>\n<p><span>Le site\u00a0<strong>e-commerce<\/strong>, a pour but la\u00a0<strong>vente en ligne<\/strong>\u00a0de produits ou licences.<\/span><\/p>\n<\/blockquote>\n<p><!-- \/wp:quote --><\/p>\n<p><!-- wp:paragraph --><\/p>\n<p><span style=\"text-decoration: underline;\"><strong><span style=\"color: #e54f25; text-decoration: underline;\">Ce que nous vous proposons :<\/span><\/strong><\/span><\/p>\n<blockquote class=\"wp-block-quote\">\n<div class=\"et_pb_column et_pb_column_1_2 et_pb_column_13  et_pb_css_mix_blend_mode_passthrough\">\n<div class=\"et_pb_module et_pb_text et_pb_text_6  et_pb_text_align_left et_pb_bg_layout_light\">\n<div class=\"et_pb_text_inner\">\n<p><span style=\"color: #e54f25;\"><em><strong>Pour les sites vitrines :<\/strong><\/em><\/span><\/p>\n<ul>\n<li>H\u00e9bergement Professionnel et nom de domaine pour 1 an ;<\/li>\n<li>Installation du CMS WordPress et des modules de s\u00e9curit\u00e9 ;<\/li>\n<li>Choix d\u2019un th\u00e8me graphique d\u00e9fini par rapport \u00e0 la charte graphique ;<\/li>\n<li>Int\u00e9gration du contenu des diff\u00e9rentes pages ;<\/li>\n<li>R\u00e9f\u00e9rencement \u2018naturel\u2019 en fonction du contenu des pages ;<\/li>\n<li>Sauvegardes p\u00e9riodiques.<\/li>\n<\/ul>\n<p><span style=\"color: #e54f25;\"><em><strong>Pour les sites e-commerce :<\/strong><\/em><\/span><\/p>\n<ul>\n<li>H\u00e9bergement Professionnel et nom de domaine pour 1 an ;<\/li>\n<li>Installation du CMS WordPress et des modules de s\u00e9curit\u00e9 ;<\/li>\n<li>Choix d\u2019un th\u00e8me graphique d\u00e9fini par rapport \u00e0 la charte graphique ;<\/li>\n<li>Int\u00e9gration du contenu des diff\u00e9rentes pages ;<\/li>\n<li>R\u00e9f\u00e9rencement \u2018naturel\u2019 en fonction du contenu des pages ;<\/li>\n<li>Int\u00e9gration des fiches produits (maxi 999 produits) ;<\/li>\n<li>Sauvegardes p\u00e9riodiques.<\/li>\n<\/ul>\n<\/div>\n<\/div>\n<\/div>\n<div class=\"et_pb_column et_pb_column_1_2 et_pb_column_14  et_pb_css_mix_blend_mode_passthrough et-last-child\">\n<div class=\"et_pb_module et_pb_text et_pb_text_7  et_pb_text_align_left et_pb_bg_layout_light\">\n<div class=\"et_pb_text_inner\">\n<p><span style=\"color: #e54f25;\"><strong>Pour un \u00ab D\u00e9veloppement sur mesure \u00bb :<\/strong><\/span><\/p>\n<p><span>Il s\u2019agit dans ce cas de d\u00e9finir un cahier des charges\u00a0<strong>complet et tr\u00e8s pr\u00e9cis<\/strong>\u00a0afin de bien d\u00e9limiter le p\u00e9rim\u00e8tre de votre projet.\u00a0<\/span><\/p>\n<p><span>Cela consiste \u00e0 partir de l\u2019offre \u00ab\u00a0Pack tout compris\u00a0\u00bb de personnaliser tr\u00e8s pr\u00e9cisement le th\u00e8me graphique en montant votre site \u00e0 partir \u2018d \u2018une page blanche\u00a0\u00bb.<\/span><\/p>\n<\/div>\n<\/div>\n<div class=\"et_pb_module et_pb_text et_pb_text_8  et_pb_text_align_left et_pb_bg_layout_light\">\n<div class=\"et_pb_text_inner\">\n<p><span style=\"color: #e54f25;\"><strong>Ce qui n\u2019est pas compris dans les diff\u00e9rentes prestations :<\/strong><\/span><\/p>\n<p>Les offres ne comprennent pas :<\/p>\n<ul>\n<li><span><strong>R\u00e9f\u00e9rencement Professionnel ;<\/strong><\/span><\/li>\n<li><span>Modification ult\u00e9rieures apr\u00e8s la mise en ligne initiale telle que d\u00e9finie au devis ;<\/span><\/li>\n<li><span>Modules annexes\u00a0(plugins).<\/span><span><\/span><\/li>\n<\/ul>\n<p>&nbsp;<\/p>\n<\/div>\n<\/div>\n<\/div>\n<\/blockquote>\n<p><!-- \/wp:paragraph --><\/p>\n<\/div><\/div>\n<\/div>\n<\/div>\n\n<div class=\"et_pb_row_2 et_pb_row et_flex_row\">\n<div class=\"et_pb_column_2 et_pb_column et-last-child et_flex_column et_pb_css_mix_blend_mode_passthrough et_flex_column_24_24 et_flex_column_24_24_tablet et_flex_column_24_24_phone\">\n<div class=\"et_pb_divider_0 et_pb_divider et_pb_space et_pb_divider_position_top et_pb_module\"><div class=\"et_pb_divider_internal\"><\/div><\/div>\n\n<div class=\"et_pb_text_3 et_pb_text et_pb_bg_layout_light et_pb_module et_flex_module\"><div class=\"et_pb_text_inner\"><h2 style=\"text-align: center;\"><span style=\"text-decoration: underline;\">Ils nous font confiance<\/span><\/h2>\n<\/div><\/div>\n<\/div>\n<\/div>\n\n<div class=\"et_pb_row_3 et_pb_row et_flex_row\">\n<div class=\"et_pb_column_3 et_pb_column et_flex_column et_pb_css_mix_blend_mode_passthrough et_flex_column_1_5 et_flex_column_12_24_tablet et_flex_column_24_24_phone\">\n<div class=\"et_pb_image_0 et_pb_image et_pb_module et_flex_module\"><span class=\"et_pb_image_wrap\"><img loading=\"lazy\" decoding=\"async\" src=\"https:\/\/tousabloc-medias.fr\/wp-content\/uploads\/2026\/03\/RivieraNauticSport_web.webp\" title=\"RivieraNauticSport_web\" width=\"150\" height=\"150\" srcset=\"https:\/\/tousabloc-medias.fr\/wp-content\/uploads\/2026\/03\/RivieraNauticSport_web.webp 150w, https:\/\/tousabloc-medias.fr\/wp-content\/uploads\/2026\/03\/RivieraNauticSport_web-100x100.webp 100w\" sizes=\"(max-width: 150px) 100vw, 150px\" class=\"wp-image-181\" \/><\/span><\/div>\n<\/div>\n\n<div class=\"et_pb_column_4 et_pb_column et_flex_column et_pb_css_mix_blend_mode_passthrough et_flex_column_1_5 et_flex_column_12_24_tablet et_flex_column_24_24_phone\">\n<div class=\"et_pb_image_1 et_pb_image et_pb_module et_flex_module\"><span class=\"et_pb_image_wrap\"><img loading=\"lazy\" decoding=\"async\" src=\"https:\/\/tousabloc-medias.fr\/wp-content\/uploads\/2026\/03\/logo-entete-300x121-1.webp\" title=\"logo-entete-300x121\" width=\"300\" height=\"121\" srcset=\"https:\/\/tousabloc-medias.fr\/wp-content\/uploads\/2026\/03\/logo-entete-300x121-1.webp 300w\" sizes=\"(max-width: 300px) 100vw, 300px\" class=\"wp-image-182\" \/><\/span><\/div>\n<\/div>\n\n<div class=\"et_pb_column_5 et_pb_column et_flex_column et_pb_css_mix_blend_mode_passthrough et_flex_column_1_5 et_flex_column_12_24_tablet et_flex_column_24_24_phone\">\n<div class=\"et_pb_image_2 et_pb_image et_pb_module et_flex_module\"><span class=\"et_pb_image_wrap\"><img loading=\"lazy\" decoding=\"async\" src=\"https:\/\/tousabloc-medias.fr\/wp-content\/uploads\/2026\/03\/InstitutRosea_web.webp\" title=\"InstitutRosea_web\" width=\"150\" height=\"150\" srcset=\"https:\/\/tousabloc-medias.fr\/wp-content\/uploads\/2026\/03\/InstitutRosea_web.webp 150w, https:\/\/tousabloc-medias.fr\/wp-content\/uploads\/2026\/03\/InstitutRosea_web-100x100.webp 100w\" sizes=\"(max-width: 150px) 100vw, 150px\" class=\"wp-image-179\" \/><\/span><\/div>\n<\/div>\n\n<div class=\"et_pb_column_6 et_pb_column et_flex_column et_pb_css_mix_blend_mode_passthrough et_flex_column_1_5 et_flex_column_12_24_tablet et_flex_column_24_24_phone\">\n<div class=\"et_pb_image_3 et_pb_image et_pb_module et_flex_module\"><span class=\"et_pb_image_wrap\"><img loading=\"lazy\" decoding=\"async\" src=\"https:\/\/tousabloc-medias.fr\/wp-content\/uploads\/2026\/03\/ESC-logo-VF_ESC-logo-secondaire2-noir-scaled-1.webp\" title=\"ESC-logo-VF_ESC-logo-secondaire2-noir-scaled\" width=\"2560\" height=\"512\" srcset=\"https:\/\/tousabloc-medias.fr\/wp-content\/uploads\/2026\/03\/ESC-logo-VF_ESC-logo-secondaire2-noir-scaled-1.webp 2560w, https:\/\/tousabloc-medias.fr\/wp-content\/uploads\/2026\/03\/ESC-logo-VF_ESC-logo-secondaire2-noir-scaled-1-1280x256.webp 1280w, https:\/\/tousabloc-medias.fr\/wp-content\/uploads\/2026\/03\/ESC-logo-VF_ESC-logo-secondaire2-noir-scaled-1-980x196.webp 980w, https:\/\/tousabloc-medias.fr\/wp-content\/uploads\/2026\/03\/ESC-logo-VF_ESC-logo-secondaire2-noir-scaled-1-480x96.webp 480w\" sizes=\"(min-width: 0px) and (max-width: 480px) 480px, (min-width: 481px) and (max-width: 980px) 980px, (min-width: 981px) and (max-width: 1280px) 1280px, (min-width: 1281px) 2560px, 100vw\" class=\"wp-image-175\" \/><\/span><\/div>\n<\/div>\n\n<div class=\"et_pb_column_7 et_pb_column et-last-child et_flex_column et_pb_css_mix_blend_mode_passthrough et_flex_column_1_5 et_flex_column_12_24_tablet et_flex_column_24_24_phone\">\n<div class=\"et_pb_image_4 et_pb_image et_pb_module et_flex_module\"><span class=\"et_pb_image_wrap\"><img loading=\"lazy\" decoding=\"async\" src=\"https:\/\/tousabloc-medias.fr\/wp-content\/uploads\/2026\/03\/HMC_web.webp\" title=\"HMC_web\" width=\"150\" height=\"125\" srcset=\"https:\/\/tousabloc-medias.fr\/wp-content\/uploads\/2026\/03\/HMC_web.webp 150w\" sizes=\"(max-width: 150px) 100vw, 150px\" class=\"wp-image-178\" \/><\/span><\/div>\n<\/div>\n<\/div>\n\n<div class=\"et_pb_row_4 et_pb_row et-vb-row--no-module et_flex_row\">\n<div class=\"et_pb_column_8 et_pb_column et-last-child et_flex_column et_pb_column_empty et_pb_css_mix_blend_mode_passthrough et_flex_column_24_24 et_flex_column_24_24_tablet et_flex_column_24_24_phone\"><\/div>\n<\/div>\n\n<div class=\"et_pb_row_5 et_pb_row et_flex_row\">\n<div class=\"et_pb_column_9 et_pb_column et_flex_column et_pb_css_mix_blend_mode_passthrough et_flex_column_1_5 et_flex_column_12_24_tablet et_flex_column_24_24_phone\">\n<div class=\"et_pb_image_5 et_pb_image et_pb_module et_flex_module\"><span class=\"et_pb_image_wrap\"><img loading=\"lazy\" decoding=\"async\" src=\"https:\/\/tousabloc-medias.fr\/wp-content\/uploads\/2026\/03\/CevennesAlpineGordiniClub_web.webp\" title=\"CevennesAlpineGordiniClub_web\" width=\"150\" height=\"63\" srcset=\"https:\/\/tousabloc-medias.fr\/wp-content\/uploads\/2026\/03\/CevennesAlpineGordiniClub_web.webp 150w\" sizes=\"(max-width: 150px) 100vw, 150px\" class=\"wp-image-172\" \/><\/span><\/div>\n<\/div>\n\n<div class=\"et_pb_column_10 et_pb_column et_flex_column et_pb_css_mix_blend_mode_passthrough et_flex_column_1_5 et_flex_column_12_24_tablet et_flex_column_24_24_phone\">\n<div class=\"et_pb_image_6 et_pb_image et_pb_module et_flex_module\"><span class=\"et_pb_image_wrap\"><img loading=\"lazy\" decoding=\"async\" src=\"https:\/\/tousabloc-medias.fr\/wp-content\/uploads\/2026\/03\/CorseSudClassic_web.webp\" title=\"CorseSudClassic_web\" width=\"150\" height=\"71\" srcset=\"https:\/\/tousabloc-medias.fr\/wp-content\/uploads\/2026\/03\/CorseSudClassic_web.webp 150w\" sizes=\"(max-width: 150px) 100vw, 150px\" class=\"wp-image-173\" \/><\/span><\/div>\n<\/div>\n\n<div class=\"et_pb_column_11 et_pb_column et_flex_column et_pb_css_mix_blend_mode_passthrough et_flex_column_1_5 et_flex_column_12_24_tablet et_flex_column_24_24_phone\">\n<div class=\"et_pb_image_7 et_pb_image et_pb_module et_flex_module\"><span class=\"et_pb_image_wrap\"><img loading=\"lazy\" decoding=\"async\" src=\"https:\/\/tousabloc-medias.fr\/wp-content\/uploads\/2026\/03\/LaGrandeOurse_web.webp\" title=\"LaGrandeOurse_web\" width=\"150\" height=\"112\" srcset=\"https:\/\/tousabloc-medias.fr\/wp-content\/uploads\/2026\/03\/LaGrandeOurse_web.webp 150w\" sizes=\"(max-width: 150px) 100vw, 150px\" class=\"wp-image-180\" \/><\/span><\/div>\n<\/div>\n\n<div class=\"et_pb_column_12 et_pb_column et_flex_column et_pb_css_mix_blend_mode_passthrough et_flex_column_1_5 et_flex_column_12_24_tablet et_flex_column_24_24_phone\">\n<div class=\"et_pb_image_8 et_pb_image et_pb_module et_flex_module\"><span class=\"et_pb_image_wrap\"><img loading=\"lazy\" decoding=\"async\" src=\"https:\/\/tousabloc-medias.fr\/wp-content\/uploads\/2026\/03\/Euroleads_web.webp\" title=\"Euroleads_web\" width=\"150\" height=\"32\" srcset=\"https:\/\/tousabloc-medias.fr\/wp-content\/uploads\/2026\/03\/Euroleads_web.webp 150w\" sizes=\"(max-width: 150px) 100vw, 150px\" class=\"wp-image-176\" \/><\/span><\/div>\n<\/div>\n\n<div class=\"et_pb_column_13 et_pb_column et-last-child et_flex_column et_pb_css_mix_blend_mode_passthrough et_flex_column_1_5 et_flex_column_12_24_tablet et_flex_column_24_24_phone\">\n<div class=\"et_pb_image_9 et_pb_image et_pb_module et_flex_module\"><span class=\"et_pb_image_wrap\"><img loading=\"lazy\" decoding=\"async\" src=\"https:\/\/tousabloc-medias.fr\/wp-content\/uploads\/2026\/03\/BougieDeReve_web.webp\" title=\"BougieDeReve_web\" width=\"150\" height=\"150\" srcset=\"https:\/\/tousabloc-medias.fr\/wp-content\/uploads\/2026\/03\/BougieDeReve_web.webp 150w, https:\/\/tousabloc-medias.fr\/wp-content\/uploads\/2026\/03\/BougieDeReve_web-100x100.webp 100w\" sizes=\"(max-width: 150px) 100vw, 150px\" class=\"wp-image-171\" \/><\/span><\/div>\n<\/div>\n<\/div>\n\n<div class=\"et_pb_row_6 et_pb_row et_flex_row\">\n<div class=\"et_pb_column_14 et_pb_column et-last-child et_flex_column et_pb_css_mix_blend_mode_passthrough et_flex_column_24_24 et_flex_column_24_24_tablet et_flex_column_24_24_phone\">\n<div class=\"et_pb_divider_1 et_pb_divider et_pb_space et_pb_divider_position_top et_pb_module\"><div class=\"et_pb_divider_internal\"><\/div><\/div>\n<\/div>\n<\/div>\n<\/div>\n\n<div class=\"et_pb_section_2 et_pb_section et_section_regular et_flex_section\">\n<div class=\"et_pb_row_7 et_pb_row et_flex_row et_clickable\">\n<div class=\"et_pb_column_15 et_pb_column et-last-child et_flex_column et_pb_css_mix_blend_mode_passthrough et_flex_column_8_24 et_flex_column_8_24_tablet et_flex_column_24_24_phone\">\n<div class=\"et_pb_module et_pb_button_module_wrapper et_pb_button_0_wrapper preset--module--divi-button--cfe02b96-1e49-45ba-a258-ce4f039bdea4_wrapper\"><a class=\"et_pb_button_0 et_pb_button et_pb_bg_layout_light et_pb_module et_block_module preset--module--divi-button--cfe02b96-1e49-45ba-a258-ce4f039bdea4\" href=\"https:\/\/tousabloc-medias.fr\/index.php\/contact\/\">Contactez-nous &gt;&gt;&gt;<\/a><\/div>\n\n<div class=\"et_pb_divider_2 et_pb_divider et_pb_space et_pb_divider_position_top et_pb_module\"><div class=\"et_pb_divider_internal\"><\/div><\/div>\n<\/div>\n<\/div>\n<\/div>","protected":false},"excerpt":{"rendered":"<p>Dans un monde num\u00e9rique en constante \u00e9volution, nous nous engageons \u00e0 vous offrir des solutions innovantes et adapt\u00e9es \u00e0 vos besoins sp\u00e9cifiques. Que vous soyez une petite entreprise ou une grande organisation, notre \u00e9quipe d&rsquo;experts est pr\u00eate \u00e0 transformer vos id\u00e9es en r\u00e9alit\u00e9. Explorez nos services de cr\u00e9ation de sites web sur mesure, optimis\u00e9s pour le r\u00e9f\u00e9rencement et con\u00e7us pour captiver votre audience. Avec TOUSABLOC-MEDIAS, donnez vie \u00e0 votre pr\u00e9sence en ligne et d\u00e9marquez-vous de la concurrence gr\u00e2ce \u00e0 un design unique et une fonctionnalit\u00e9 impeccable.<\/p>\n","protected":false},"author":1,"featured_media":0,"parent":0,"menu_order":0,"comment_status":"closed","ping_status":"closed","template":"","meta":{"footnotes":""},"class_list":["post-154","page","type-page","status-publish","hentry"],"yoast_head":"<!-- This site is optimized with the Yoast SEO plugin v27.3 - https:\/\/yoast.com\/product\/yoast-seo-wordpress\/ -->\n<title>Site internet - TOUSABLOC-MEDIAS<\/title>\n<meta name=\"robots\" content=\"index, follow, max-snippet:-1, max-image-preview:large, max-video-preview:-1\" \/>\n<link rel=\"canonical\" href=\"https:\/\/tousabloc-medias.fr\/index.php\/site-internet\/\" \/>\n<meta property=\"og:locale\" content=\"fr_FR\" \/>\n<meta property=\"og:type\" content=\"article\" \/>\n<meta property=\"og:title\" content=\"Site internet - TOUSABLOC-MEDIAS\" \/>\n<meta property=\"og:description\" content=\"Dans un monde num\u00e9rique en constante \u00e9volution, nous nous engageons \u00e0 vous offrir des solutions innovantes et adapt\u00e9es \u00e0 vos besoins sp\u00e9cifiques. Que vous soyez une petite entreprise ou une grande organisation, notre \u00e9quipe d&#039;experts est pr\u00eate \u00e0 transformer vos id\u00e9es en r\u00e9alit\u00e9. Explorez nos services de cr\u00e9ation de sites web sur mesure, optimis\u00e9s pour le r\u00e9f\u00e9rencement et con\u00e7us pour captiver votre audience. Avec TOUSABLOC-MEDIAS, donnez vie \u00e0 votre pr\u00e9sence en ligne et d\u00e9marquez-vous de la concurrence gr\u00e2ce \u00e0 un design unique et une fonctionnalit\u00e9 impeccable.\" \/>\n<meta property=\"og:url\" content=\"https:\/\/tousabloc-medias.fr\/index.php\/site-internet\/\" \/>\n<meta property=\"og:site_name\" content=\"TOUSABLOC-MEDIAS\" \/>\n<meta property=\"article:modified_time\" content=\"2026-03-22T09:59:33+00:00\" \/>\n<meta name=\"twitter:card\" content=\"summary_large_image\" \/>\n<script type=\"application\/ld+json\" class=\"yoast-schema-graph\">{\"@context\":\"https:\\\/\\\/schema.org\",\"@graph\":[{\"@type\":\"WebPage\",\"@id\":\"https:\\\/\\\/tousabloc-medias.fr\\\/index.php\\\/site-internet\\\/\",\"url\":\"https:\\\/\\\/tousabloc-medias.fr\\\/index.php\\\/site-internet\\\/\",\"name\":\"Site internet - TOUSABLOC-MEDIAS\",\"isPartOf\":{\"@id\":\"https:\\\/\\\/tousabloc-medias.fr\\\/#website\"},\"datePublished\":\"2026-03-06T05:33:08+00:00\",\"dateModified\":\"2026-03-22T09:59:33+00:00\",\"breadcrumb\":{\"@id\":\"https:\\\/\\\/tousabloc-medias.fr\\\/index.php\\\/site-internet\\\/#breadcrumb\"},\"inLanguage\":\"fr-FR\",\"potentialAction\":[{\"@type\":\"ReadAction\",\"target\":[\"https:\\\/\\\/tousabloc-medias.fr\\\/index.php\\\/site-internet\\\/\"]}]},{\"@type\":\"BreadcrumbList\",\"@id\":\"https:\\\/\\\/tousabloc-medias.fr\\\/index.php\\\/site-internet\\\/#breadcrumb\",\"itemListElement\":[{\"@type\":\"ListItem\",\"position\":1,\"name\":\"Accueil\",\"item\":\"https:\\\/\\\/tousabloc-medias.fr\\\/\"},{\"@type\":\"ListItem\",\"position\":2,\"name\":\"Site internet\"}]},{\"@type\":\"WebSite\",\"@id\":\"https:\\\/\\\/tousabloc-medias.fr\\\/#website\",\"url\":\"https:\\\/\\\/tousabloc-medias.fr\\\/\",\"name\":\"TOUSABLOC-MEDIAS\",\"description\":\"Agence Web, Print, Mod\u00e9lisation et impression 3D, gravure laser\",\"potentialAction\":[{\"@type\":\"SearchAction\",\"target\":{\"@type\":\"EntryPoint\",\"urlTemplate\":\"https:\\\/\\\/tousabloc-medias.fr\\\/?s={search_term_string}\"},\"query-input\":{\"@type\":\"PropertyValueSpecification\",\"valueRequired\":true,\"valueName\":\"search_term_string\"}}],\"inLanguage\":\"fr-FR\"}]}<\/script>\n<!-- \/ Yoast SEO plugin. -->","yoast_head_json":{"title":"Site internet - TOUSABLOC-MEDIAS","robots":{"index":"index","follow":"follow","max-snippet":"max-snippet:-1","max-image-preview":"max-image-preview:large","max-video-preview":"max-video-preview:-1"},"canonical":"https:\/\/tousabloc-medias.fr\/index.php\/site-internet\/","og_locale":"fr_FR","og_type":"article","og_title":"Site internet - TOUSABLOC-MEDIAS","og_description":"Dans un monde num\u00e9rique en constante \u00e9volution, nous nous engageons \u00e0 vous offrir des solutions innovantes et adapt\u00e9es \u00e0 vos besoins sp\u00e9cifiques. Que vous soyez une petite entreprise ou une grande organisation, notre \u00e9quipe d'experts est pr\u00eate \u00e0 transformer vos id\u00e9es en r\u00e9alit\u00e9. Explorez nos services de cr\u00e9ation de sites web sur mesure, optimis\u00e9s pour le r\u00e9f\u00e9rencement et con\u00e7us pour captiver votre audience. Avec TOUSABLOC-MEDIAS, donnez vie \u00e0 votre pr\u00e9sence en ligne et d\u00e9marquez-vous de la concurrence gr\u00e2ce \u00e0 un design unique et une fonctionnalit\u00e9 impeccable.","og_url":"https:\/\/tousabloc-medias.fr\/index.php\/site-internet\/","og_site_name":"TOUSABLOC-MEDIAS","article_modified_time":"2026-03-22T09:59:33+00:00","twitter_card":"summary_large_image","schema":{"@context":"https:\/\/schema.org","@graph":[{"@type":"WebPage","@id":"https:\/\/tousabloc-medias.fr\/index.php\/site-internet\/","url":"https:\/\/tousabloc-medias.fr\/index.php\/site-internet\/","name":"Site internet - TOUSABLOC-MEDIAS","isPartOf":{"@id":"https:\/\/tousabloc-medias.fr\/#website"},"datePublished":"2026-03-06T05:33:08+00:00","dateModified":"2026-03-22T09:59:33+00:00","breadcrumb":{"@id":"https:\/\/tousabloc-medias.fr\/index.php\/site-internet\/#breadcrumb"},"inLanguage":"fr-FR","potentialAction":[{"@type":"ReadAction","target":["https:\/\/tousabloc-medias.fr\/index.php\/site-internet\/"]}]},{"@type":"BreadcrumbList","@id":"https:\/\/tousabloc-medias.fr\/index.php\/site-internet\/#breadcrumb","itemListElement":[{"@type":"ListItem","position":1,"name":"Accueil","item":"https:\/\/tousabloc-medias.fr\/"},{"@type":"ListItem","position":2,"name":"Site internet"}]},{"@type":"WebSite","@id":"https:\/\/tousabloc-medias.fr\/#website","url":"https:\/\/tousabloc-medias.fr\/","name":"TOUSABLOC-MEDIAS","description":"Agence Web, Print, Mod\u00e9lisation et impression 3D, gravure laser","potentialAction":[{"@type":"SearchAction","target":{"@type":"EntryPoint","urlTemplate":"https:\/\/tousabloc-medias.fr\/?s={search_term_string}"},"query-input":{"@type":"PropertyValueSpecification","valueRequired":true,"valueName":"search_term_string"}}],"inLanguage":"fr-FR"}]}},"_links":{"self":[{"href":"https:\/\/tousabloc-medias.fr\/index.php\/wp-json\/wp\/v2\/pages\/154","targetHints":{"allow":["GET"]}}],"collection":[{"href":"https:\/\/tousabloc-medias.fr\/index.php\/wp-json\/wp\/v2\/pages"}],"about":[{"href":"https:\/\/tousabloc-medias.fr\/index.php\/wp-json\/wp\/v2\/types\/page"}],"author":[{"embeddable":true,"href":"https:\/\/tousabloc-medias.fr\/index.php\/wp-json\/wp\/v2\/users\/1"}],"replies":[{"embeddable":true,"href":"https:\/\/tousabloc-medias.fr\/index.php\/wp-json\/wp\/v2\/comments?post=154"}],"version-history":[{"count":23,"href":"https:\/\/tousabloc-medias.fr\/index.php\/wp-json\/wp\/v2\/pages\/154\/revisions"}],"predecessor-version":[{"id":358,"href":"https:\/\/tousabloc-medias.fr\/index.php\/wp-json\/wp\/v2\/pages\/154\/revisions\/358"}],"wp:attachment":[{"href":"https:\/\/tousabloc-medias.fr\/index.php\/wp-json\/wp\/v2\/media?parent=154"}],"curies":[{"name":"wp","href":"https:\/\/api.w.org\/{rel}","templated":true}]}}