{"id":198,"date":"2026-03-08T06:18:43","date_gmt":"2026-03-08T06:18:43","guid":{"rendered":"https:\/\/tousabloc-medias.fr\/?page_id=198"},"modified":"2026-03-22T12:15:03","modified_gmt":"2026-03-22T12:15:03","slug":"imprimerie","status":"publish","type":"page","link":"https:\/\/tousabloc-medias.fr\/index.php\/imprimerie\/","title":{"rendered":"Imprimerie"},"content":{"rendered":"<div class=\"et_pb_section_0 et_pb_section et_section_regular et_flex_section\">\n<div class=\"et_pb_row_0 et_pb_row et_flex_row\">\n<div class=\"et_pb_column_0 et_pb_column et-last-child et_flex_column et_pb_css_mix_blend_mode_passthrough et_flex_column_24_24 et_flex_column_24_24_tablet et_flex_column_24_24_phone\">\n<div class=\"et_pb_text_0 et_pb_text et_pb_bg_layout_light et_pb_module et_flex_module\"><div class=\"et_pb_text_inner\"><h1 style=\"text-align: center;\"><strong><span style=\"color: #ff6600;\">Espace Imprimerie &amp; graphisme<\/span><\/strong><\/h1>\n<\/div><\/div>\n<\/div>\n<\/div>\n<\/div>\n\n<div class=\"et_pb_section_1 et_pb_section et_section_regular et_block_section\">\n<div class=\"et_pb_row_1 et_pb_row et_block_row\">\n<div class=\"et_pb_column_1 et_pb_column et_pb_column_4_4 et-last-child et_block_column et_pb_css_mix_blend_mode_passthrough\">\n<div class=\"et_pb_text_1 et_pb_text et_pb_bg_layout_dark et_pb_module et_flex_module\"><div class=\"et_pb_text_inner\"><p style=\"text-align: center;\"><span style=\"color: #e54f25;\"><strong>Retrouvez dans cette section les informations relatives \u00e0 notre activit\u00e9<\/strong><\/span><\/p>\n<p style=\"text-align: center;\"><span style=\"color: #e54f25;\"><strong>Imprimerie et graphisme<\/strong><\/span><\/p>\n<\/div><\/div>\n\n<div class=\"et_pb_text_2 et_pb_text et_pb_bg_layout_light et_pb_module et_block_module\"><div class=\"et_pb_text_inner\"><h1 class=\"et_pb_module et_pb_text et_pb_text_1 et_pb_text_align_center et_pb_bg_layout_light et_had_animation\"><span style=\"font-size: x-large; color: rgba(0, 0, 0, 0.75); font-family: Lato;\">Nos \u00e9quipes de graphistes et d\u2019imprimeurs travaillent en \u00e9troite collaboration avec nos Fournisseurs afin de vous obtenir sans cesse le meilleur tarif tout en conservant une qualit\u00e9 de r\u00e9alisation optimale.<\/span><\/h1>\n<div class=\"et_pb_module et_pb_text et_pb_text_2 et_pb_text_align_center et_pb_bg_layout_light et_had_animation\">\n<div class=\"et_pb_text_inner\">\n<p>Nos \u00e9quipes de graphistes r\u00e9aliserons vos projets et nous les imprimerons.<\/p>\n<p>Vous pouvez aussi nous transmettre vos \u00e9preuves et nous vous les imprimerons.<\/p>\n<\/div>\n<\/div>\n<p><!-- \/wp:paragraph --><\/p>\n<p><!-- \/wp:quote --><\/p>\n<p><!-- wp:paragraph --><\/p>\n<p><span style=\"text-decoration: underline;\"><strong><span style=\"color: #e54f25; text-decoration: underline;\">Nous personnalisons tous types de supports :<\/span><\/strong><\/span><\/p>\n<blockquote class=\"wp-block-quote\">\n<div class=\"et_pb_column et_pb_column_1_2 et_pb_column_14  et_pb_css_mix_blend_mode_passthrough et-last-child\">\n<div class=\"et_pb_module et_pb_text et_pb_text_7  et_pb_text_align_left et_pb_bg_layout_light\"><\/div>\n<\/div>\n<\/blockquote>\n<p><!-- \/wp:paragraph --><\/p>\n<\/div><\/div>\n\n<div class=\"et_pb_row_2 et_pb_row et_pb_row_nested et_flex_row\">\n<div class=\"et_pb_column_2 et_pb_column et_flex_column et_pb_css_mix_blend_mode_passthrough et_flex_column_8_24 et_flex_column_8_24_tablet et_flex_column_24_24_phone\">\n<div class=\"et_pb_text_3 et_pb_text et_pb_bg_layout_light et_pb_module et_flex_module\"><div class=\"et_pb_text_inner\"><p><span style=\"color: #e54f25;\"><em><strong>. Carterie :<\/strong><\/em><\/span><\/p>\n<ul>\n<li style=\"list-style-type: none;\">\n<ul>\n<li>Cartes de visite ;<\/li>\n<li>Cartons d'invitation ;<\/li>\n<li>Cartes postales ;<\/li>\n<li>Cartes de fid\u00e9lit\u00e9 (kit avec tampon) ;<\/li>\n<li>Cartes PVC ;<\/li>\n<li>...<\/li>\n<\/ul>\n<\/li>\n<\/ul>\n<\/div><\/div>\n<\/div>\n\n<div class=\"et_pb_column_3 et_pb_column et_flex_column et_pb_css_mix_blend_mode_passthrough et_flex_column_8_24 et_flex_column_8_24_tablet et_flex_column_24_24_phone\">\n<div class=\"et_pb_text_4 et_pb_text et_pb_bg_layout_light et_pb_module et_flex_module\"><div class=\"et_pb_text_inner\"><p><span style=\"color: #e54f25;\"><em><strong>. Flyers :<\/strong><\/em><\/span><\/p>\n<ul>\n<li style=\"list-style-type: none;\">\n<ul>\n<li>Diff\u00e9rents formats ;<\/li>\n<li>Diff\u00e9rents papiers (classiques, recycl\u00e9s) ;<\/li>\n<li>Diff\u00e9rents supports (classiques, textur\u00e9s, cr\u00e9ation) ;<\/li>\n<li>Finitions sp\u00e9ciales (\u00e0 la forme, or, argent, cuivre, rose) ;<\/li>\n<li>Cartes PVC ;<\/li>\n<li>...<\/li>\n<\/ul>\n<\/li>\n<\/ul>\n<\/div><\/div>\n<\/div>\n\n<div class=\"et_pb_column_4 et_pb_column et-last-child et_flex_column et_pb_css_mix_blend_mode_passthrough et_flex_column_8_24 et_flex_column_8_24_tablet et_flex_column_24_24_phone\">\n<div class=\"et_pb_text_5 et_pb_text et_pb_bg_layout_light et_pb_module et_flex_module\"><div class=\"et_pb_text_inner\"><p><span style=\"color: #e54f25;\"><em><strong>. Etiquettes et stickers :<\/strong><\/em><\/span><\/p>\n<ul>\n<li style=\"list-style-type: none;\">\n<ul>\n<li>Etiquettes en rouleau ;<\/li>\n<li>Etiquettes collerettes (pour bouteilles) ;<\/li>\n<li>Stickers petit format (normaux, doming, aimant\u00e9s) ;<\/li>\n<li>Adh\u00e9sifs grand format (int\u00e9rieur \/ ext\u00e9rieur) ;<\/li>\n<li>Adh\u00e9sifs pour v\u00e9hicules ;<\/li>\n<li>Lettrage (int\u00e9rieur \/ ext\u00e9rieur \/ v\u00e9hicule) ;<\/li>\n<li>...<\/li>\n<\/ul>\n<\/li>\n<\/ul>\n<\/div><\/div>\n<\/div>\n<\/div>\n\n<div class=\"et_pb_row_3 et_pb_row et_pb_row_nested et_flex_row\">\n<div class=\"et_pb_column_5 et_pb_column et_flex_column et_pb_css_mix_blend_mode_passthrough et_flex_column_8_24 et_flex_column_8_24_tablet et_flex_column_24_24_phone\">\n<div class=\"et_pb_text_6 et_pb_text et_pb_bg_layout_light et_pb_module et_flex_module\"><div class=\"et_pb_text_inner\"><p><span style=\"color: #e54f25;\"><em><strong>. Affichage publicitaire :<\/strong><\/em><\/span><\/p>\n<ul>\n<li style=\"list-style-type: none;\">\n<ul>\n<li>Affiches petit format ;<\/li>\n<li>Affiches grand format ;<\/li>\n<li>Affichage urbain ;<\/li>\n<li>Stop trottoir ;<\/li>\n<li>Banner, kakemono, PLV de comptoir ;<\/li>\n<li>Roll'up ;<\/li>\n<li>Totem ;<\/li>\n<li>...<\/li>\n<\/ul>\n<\/li>\n<\/ul>\n<\/div><\/div>\n<\/div>\n\n<div class=\"et_pb_column_6 et_pb_column et_flex_column et_pb_css_mix_blend_mode_passthrough et_flex_column_8_24 et_flex_column_8_24_tablet et_flex_column_24_24_phone\">\n<div class=\"et_pb_text_7 et_pb_text et_pb_bg_layout_light et_pb_module et_flex_module\"><div class=\"et_pb_text_inner\"><p><span style=\"color: #e54f25;\"><em><strong>. Papeterie :<\/strong><\/em><\/span><\/p>\n<ul>\n<li style=\"list-style-type: none;\">\n<ul>\n<li>Enveloppes ;<\/li>\n<li>Carnets et carnets autocopiants ;<\/li>\n<li>Agendas, calendriers ;<\/li>\n<li>Tampons ;<\/li>\n<li>Papier \u00e0 en t\u00eate ;<\/li>\n<li>Chemises \u00e0 rabats ;<\/li>\n<li>...<\/li>\n<\/ul>\n<\/li>\n<\/ul>\n<\/div><\/div>\n<\/div>\n\n<div class=\"et_pb_column_7 et_pb_column et-last-child et_flex_column et_pb_css_mix_blend_mode_passthrough et_flex_column_8_24 et_flex_column_8_24_tablet et_flex_column_24_24_phone\">\n<div class=\"et_pb_text_8 et_pb_text et_pb_bg_layout_light et_pb_module et_flex_module\"><div class=\"et_pb_text_inner\"><p><span style=\"color: #e54f25;\"><em><strong>. Ev\u00e8nementiel :<\/strong><\/em><\/span><\/p>\n<ul>\n<li style=\"list-style-type: none;\">\n<ul>\n<li>Tours de cou - Lanyard ;<\/li>\n<li>Supports de badges ;<\/li>\n<li>Bracelets de contr\u00f4le ;<\/li>\n<li>Habillage barri\u00e8re Vauban ;<\/li>\n<li>Sets de table (papier, ind\u00e9chirables) ;<\/li>\n<li>Menus d\u00e9pliants ;<\/li>\n<li>Sous bock imprim\u00e9s ;<\/li>\n<li>PLV de table ;<\/li>\n<li>Bague sandwich ;<\/li>\n<li>...<\/li>\n<\/ul>\n<\/li>\n<\/ul>\n<\/div><\/div>\n<\/div>\n<\/div>\n\n<div class=\"et_pb_row_4 et_pb_row et_pb_row_nested et_flex_row\">\n<div class=\"et_pb_column_8 et_pb_column et_flex_column et_pb_css_mix_blend_mode_passthrough et_flex_column_12_24 et_flex_column_12_24_tablet et_flex_column_24_24_phone\">\n<div class=\"et_pb_text_9 et_pb_text et_pb_bg_layout_light et_pb_module et_flex_module\"><div class=\"et_pb_text_inner\"><p><span style=\"color: #e54f25;\"><em><strong>. Signal\u00e9tique grand format\u00a0 :<\/strong><\/em><\/span><\/p>\n<ul>\n<li style=\"list-style-type: none;\">\n<ul>\n<li>Banderole ;<\/li>\n<li>Panneau rigide (alv\u00e9olaire, rigide, \u00e9coresponsable, ...)\u00a0 ;<\/li>\n<li>Roll'up ;<\/li>\n<li>Drapeau ;<\/li>\n<li>Plaque grav\u00e9e ou imprim\u00e9e (acrylique, plexi, alu,...) ;<\/li>\n<li>Roll'up ;<\/li>\n<li>Totem ;<\/li>\n<li>...<\/li>\n<\/ul>\n<\/li>\n<\/ul>\n<\/div><\/div>\n<\/div>\n\n<div class=\"et_pb_column_9 et_pb_column et_flex_column et_pb_column_empty et_pb_css_mix_blend_mode_passthrough et_flex_column_12_24 et_flex_column_12_24_tablet et_flex_column_24_24_phone\"><\/div>\n\n<div class=\"et_pb_column_10 et_pb_column et-last-child et_flex_column et_pb_css_mix_blend_mode_passthrough et_flex_column_12_24 et_flex_column_12_24_tablet et_flex_column_24_24_phone\">\n<div class=\"et_pb_text_10 et_pb_text et_pb_bg_layout_light et_pb_module et_flex_module\"><div class=\"et_pb_text_inner\"><p><span style=\"color: #e54f25;\"><em><strong>. Goodies :<\/strong><\/em><\/span><\/p>\n<ul>\n<li style=\"list-style-type: none;\">\n<ul>\n<li>Mugs c\u00e9ramique ;<\/li>\n<li>Tasses en c\u00e9ramique ;<\/li>\n<li>Bouteilles isothermes ;<\/li>\n<li>Sacs (Totbag, \u00e0 dos, sport, ordinateur,...) ;<\/li>\n<li>T-shirts ;<\/li>\n<li>Parapluies ;<\/li>\n<li>Disques de stationnement ;<\/li>\n<li>...<\/li>\n<\/ul>\n<\/li>\n<\/ul>\n<\/div><\/div>\n<\/div>\n<\/div>\n<\/div>\n<\/div>\n<\/div>\n\n<div class=\"et_pb_section_2 et_pb_section et_section_regular et_flex_section\"><\/div>","protected":false},"excerpt":{"rendered":"<p>D\u00e9couvrez notre expertise en impression et graphisme adapt\u00e9e \u00e0 tous vos besoins. Que vous souhaitiez cr\u00e9er des supports de communication percutants ou des objets personnalis\u00e9s, notre \u00e9quipe est l\u00e0 pour vous accompagner. Nous utilisons des technologies de pointe pour garantir une qualit\u00e9 d&rsquo;impression exceptionnelle. Explorez nos solutions innovantes pour donner vie \u00e0 vos id\u00e9es et d\u00e9marquez-vous avec des cr\u00e9ations uniques qui captivent votre audience.<\/p>\n","protected":false},"author":1,"featured_media":0,"parent":0,"menu_order":0,"comment_status":"closed","ping_status":"closed","template":"","meta":{"footnotes":""},"class_list":["post-198","page","type-page","status-publish","hentry"],"yoast_head":"<!-- This site is optimized with the Yoast SEO plugin v27.3 - https:\/\/yoast.com\/product\/yoast-seo-wordpress\/ -->\n<title>Imprimerie - TOUSABLOC-MEDIAS<\/title>\n<meta name=\"robots\" content=\"index, follow, max-snippet:-1, max-image-preview:large, max-video-preview:-1\" \/>\n<link rel=\"canonical\" href=\"https:\/\/tousabloc-medias.fr\/index.php\/imprimerie\/\" \/>\n<meta property=\"og:locale\" content=\"fr_FR\" \/>\n<meta property=\"og:type\" content=\"article\" \/>\n<meta property=\"og:title\" content=\"Imprimerie - TOUSABLOC-MEDIAS\" \/>\n<meta property=\"og:description\" content=\"D\u00e9couvrez notre expertise en impression et graphisme adapt\u00e9e \u00e0 tous vos besoins. Que vous souhaitiez cr\u00e9er des supports de communication percutants ou des objets personnalis\u00e9s, notre \u00e9quipe est l\u00e0 pour vous accompagner. Nous utilisons des technologies de pointe pour garantir une qualit\u00e9 d&#039;impression exceptionnelle. Explorez nos solutions innovantes pour donner vie \u00e0 vos id\u00e9es et d\u00e9marquez-vous avec des cr\u00e9ations uniques qui captivent votre audience.\" \/>\n<meta property=\"og:url\" content=\"https:\/\/tousabloc-medias.fr\/index.php\/imprimerie\/\" \/>\n<meta property=\"og:site_name\" content=\"TOUSABLOC-MEDIAS\" \/>\n<meta property=\"article:modified_time\" content=\"2026-03-22T12:15:03+00:00\" \/>\n<meta name=\"twitter:card\" content=\"summary_large_image\" \/>\n<script type=\"application\/ld+json\" class=\"yoast-schema-graph\">{\"@context\":\"https:\\\/\\\/schema.org\",\"@graph\":[{\"@type\":\"WebPage\",\"@id\":\"https:\\\/\\\/tousabloc-medias.fr\\\/index.php\\\/imprimerie\\\/\",\"url\":\"https:\\\/\\\/tousabloc-medias.fr\\\/index.php\\\/imprimerie\\\/\",\"name\":\"Imprimerie - TOUSABLOC-MEDIAS\",\"isPartOf\":{\"@id\":\"https:\\\/\\\/tousabloc-medias.fr\\\/#website\"},\"datePublished\":\"2026-03-08T06:18:43+00:00\",\"dateModified\":\"2026-03-22T12:15:03+00:00\",\"breadcrumb\":{\"@id\":\"https:\\\/\\\/tousabloc-medias.fr\\\/index.php\\\/imprimerie\\\/#breadcrumb\"},\"inLanguage\":\"fr-FR\",\"potentialAction\":[{\"@type\":\"ReadAction\",\"target\":[\"https:\\\/\\\/tousabloc-medias.fr\\\/index.php\\\/imprimerie\\\/\"]}]},{\"@type\":\"BreadcrumbList\",\"@id\":\"https:\\\/\\\/tousabloc-medias.fr\\\/index.php\\\/imprimerie\\\/#breadcrumb\",\"itemListElement\":[{\"@type\":\"ListItem\",\"position\":1,\"name\":\"Accueil\",\"item\":\"https:\\\/\\\/tousabloc-medias.fr\\\/\"},{\"@type\":\"ListItem\",\"position\":2,\"name\":\"Imprimerie\"}]},{\"@type\":\"WebSite\",\"@id\":\"https:\\\/\\\/tousabloc-medias.fr\\\/#website\",\"url\":\"https:\\\/\\\/tousabloc-medias.fr\\\/\",\"name\":\"TOUSABLOC-MEDIAS\",\"description\":\"Agence Web, Print, Mod\u00e9lisation et impression 3D, gravure laser\",\"potentialAction\":[{\"@type\":\"SearchAction\",\"target\":{\"@type\":\"EntryPoint\",\"urlTemplate\":\"https:\\\/\\\/tousabloc-medias.fr\\\/?s={search_term_string}\"},\"query-input\":{\"@type\":\"PropertyValueSpecification\",\"valueRequired\":true,\"valueName\":\"search_term_string\"}}],\"inLanguage\":\"fr-FR\"}]}<\/script>\n<!-- \/ Yoast SEO plugin. -->","yoast_head_json":{"title":"Imprimerie - TOUSABLOC-MEDIAS","robots":{"index":"index","follow":"follow","max-snippet":"max-snippet:-1","max-image-preview":"max-image-preview:large","max-video-preview":"max-video-preview:-1"},"canonical":"https:\/\/tousabloc-medias.fr\/index.php\/imprimerie\/","og_locale":"fr_FR","og_type":"article","og_title":"Imprimerie - TOUSABLOC-MEDIAS","og_description":"D\u00e9couvrez notre expertise en impression et graphisme adapt\u00e9e \u00e0 tous vos besoins. Que vous souhaitiez cr\u00e9er des supports de communication percutants ou des objets personnalis\u00e9s, notre \u00e9quipe est l\u00e0 pour vous accompagner. Nous utilisons des technologies de pointe pour garantir une qualit\u00e9 d'impression exceptionnelle. Explorez nos solutions innovantes pour donner vie \u00e0 vos id\u00e9es et d\u00e9marquez-vous avec des cr\u00e9ations uniques qui captivent votre audience.","og_url":"https:\/\/tousabloc-medias.fr\/index.php\/imprimerie\/","og_site_name":"TOUSABLOC-MEDIAS","article_modified_time":"2026-03-22T12:15:03+00:00","twitter_card":"summary_large_image","schema":{"@context":"https:\/\/schema.org","@graph":[{"@type":"WebPage","@id":"https:\/\/tousabloc-medias.fr\/index.php\/imprimerie\/","url":"https:\/\/tousabloc-medias.fr\/index.php\/imprimerie\/","name":"Imprimerie - TOUSABLOC-MEDIAS","isPartOf":{"@id":"https:\/\/tousabloc-medias.fr\/#website"},"datePublished":"2026-03-08T06:18:43+00:00","dateModified":"2026-03-22T12:15:03+00:00","breadcrumb":{"@id":"https:\/\/tousabloc-medias.fr\/index.php\/imprimerie\/#breadcrumb"},"inLanguage":"fr-FR","potentialAction":[{"@type":"ReadAction","target":["https:\/\/tousabloc-medias.fr\/index.php\/imprimerie\/"]}]},{"@type":"BreadcrumbList","@id":"https:\/\/tousabloc-medias.fr\/index.php\/imprimerie\/#breadcrumb","itemListElement":[{"@type":"ListItem","position":1,"name":"Accueil","item":"https:\/\/tousabloc-medias.fr\/"},{"@type":"ListItem","position":2,"name":"Imprimerie"}]},{"@type":"WebSite","@id":"https:\/\/tousabloc-medias.fr\/#website","url":"https:\/\/tousabloc-medias.fr\/","name":"TOUSABLOC-MEDIAS","description":"Agence Web, Print, Mod\u00e9lisation et impression 3D, gravure laser","potentialAction":[{"@type":"SearchAction","target":{"@type":"EntryPoint","urlTemplate":"https:\/\/tousabloc-medias.fr\/?s={search_term_string}"},"query-input":{"@type":"PropertyValueSpecification","valueRequired":true,"valueName":"search_term_string"}}],"inLanguage":"fr-FR"}]}},"_links":{"self":[{"href":"https:\/\/tousabloc-medias.fr\/index.php\/wp-json\/wp\/v2\/pages\/198","targetHints":{"allow":["GET"]}}],"collection":[{"href":"https:\/\/tousabloc-medias.fr\/index.php\/wp-json\/wp\/v2\/pages"}],"about":[{"href":"https:\/\/tousabloc-medias.fr\/index.php\/wp-json\/wp\/v2\/types\/page"}],"author":[{"embeddable":true,"href":"https:\/\/tousabloc-medias.fr\/index.php\/wp-json\/wp\/v2\/users\/1"}],"replies":[{"embeddable":true,"href":"https:\/\/tousabloc-medias.fr\/index.php\/wp-json\/wp\/v2\/comments?post=198"}],"version-history":[{"count":29,"href":"https:\/\/tousabloc-medias.fr\/index.php\/wp-json\/wp\/v2\/pages\/198\/revisions"}],"predecessor-version":[{"id":387,"href":"https:\/\/tousabloc-medias.fr\/index.php\/wp-json\/wp\/v2\/pages\/198\/revisions\/387"}],"wp:attachment":[{"href":"https:\/\/tousabloc-medias.fr\/index.php\/wp-json\/wp\/v2\/media?parent=198"}],"curies":[{"name":"wp","href":"https:\/\/api.w.org\/{rel}","templated":true}]}}