{"id":225,"date":"2026-03-11T06:02:02","date_gmt":"2026-03-11T06:02:02","guid":{"rendered":"https:\/\/tousabloc-medias.fr\/index.php\/adhesifs\/"},"modified":"2026-03-18T21:21:55","modified_gmt":"2026-03-18T21:21:55","slug":"adhesifs","status":"publish","type":"page","link":"https:\/\/tousabloc-medias.fr\/index.php\/adhesifs\/","title":{"rendered":"Adhesifs"},"content":{"rendered":"<div class=\"et_pb_section_0 et_pb_section et_section_regular et_flex_section\">\n<div class=\"et_pb_row_0 et_pb_row et_flex_row\">\n<div class=\"et_pb_column_0 et_pb_column et-last-child et_flex_column et_pb_css_mix_blend_mode_passthrough et_flex_column_24_24 et_flex_column_24_24_tablet et_flex_column_24_24_phone\">\n<div class=\"et_pb_text_0 et_pb_text et_pb_bg_layout_light et_pb_module et_flex_module\"><div class=\"et_pb_text_inner\"><h1 style=\"text-align: center;\"><strong><span style=\"color: #ff6600;\">Espace Adh\u00e9sifs<\/span><\/strong><\/h1>\n<\/div><\/div>\n<\/div>\n<\/div>\n<\/div>\n\n<div class=\"et_pb_section_1 et_pb_section et_section_regular et_block_section\">\n<div class=\"et_pb_row_1 et_pb_row et_block_row\">\n<div class=\"et_pb_column_1 et_pb_column et_pb_column_4_4 et-last-child et_block_column et_pb_css_mix_blend_mode_passthrough\">\n<div class=\"et_pb_text_1 et_pb_text et_pb_bg_layout_dark et_pb_module et_flex_module\"><div class=\"et_pb_text_inner\"><p style=\"text-align: center;\"><span style=\"color: #e54f25;\"><strong>Retrouvez dans cette section les informations relatives \u00e0 notre activit\u00e9<\/strong><\/span><\/p>\n<p style=\"text-align: center;\"><span style=\"color: #e54f25;\"><strong>D\u00e9coupe d'adh\u00e9sifs<\/strong><\/span><\/p>\n<\/div><\/div>\n\n<div class=\"et_pb_text_2 et_pb_text et_pb_bg_layout_light et_pb_module et_block_module\"><div class=\"et_pb_text_inner\"><h1 class=\"et_pb_module et_pb_text et_pb_text_1 et_pb_text_align_center et_pb_bg_layout_light et_had_animation\"><span style=\"font-size: x-large; font-family: Lato;\">Nous vous proposons la d\u00e9coupe d'adh\u00e9sifs vinyle PVC \u00e0 la forme en personnalisant le texte, la police et le logo.<\/span><\/h1>\n<blockquote class=\"wp-block-quote\">\n<div class=\"et_pb_column et_pb_column_1_2 et_pb_column_14  et_pb_css_mix_blend_mode_passthrough et-last-child\">\n<div class=\"et_pb_module et_pb_text et_pb_text_7  et_pb_text_align_left et_pb_bg_layout_light\"><\/div>\n<\/div>\n<\/blockquote>\n<p><!-- \/wp:paragraph --><\/p>\n<\/div><\/div>\n\n<div class=\"et_pb_row_2 et_pb_row et_pb_row_nested et_flex_row\">\n<div class=\"et_pb_column_2 et_pb_column et_flex_column et_pb_css_mix_blend_mode_passthrough et_flex_column_8_24 et_flex_column_8_24_tablet et_flex_column_24_24_phone\">\n<div class=\"et_pb_text_3 et_pb_text et_pb_bg_layout_light et_pb_module et_flex_module\"><div class=\"et_pb_text_inner\"><p><span style=\"color: #e54f25;\"><em><strong>. D\u00e9coupe :<\/strong><\/em><\/span><\/p>\n<ul>\n<li style=\"list-style-type: none;\">\n<ul>\n<li>Lettrage personnalis\u00e9 ;<\/li>\n<li>Logo ;<\/li>\n<li>Publicit\u00e9 ;<\/li>\n<li>...<\/li>\n<\/ul>\n<\/li>\n<\/ul>\n<\/div><\/div>\n<\/div>\n\n<div class=\"et_pb_column_3 et_pb_column et_flex_column et_pb_css_mix_blend_mode_passthrough et_flex_column_8_24 et_flex_column_8_24_tablet et_flex_column_24_24_phone\">\n<div class=\"et_pb_text_4 et_pb_text et_pb_bg_layout_light et_pb_module et_flex_module\"><div class=\"et_pb_text_inner\"><p><span style=\"color: #e54f25;\"><em><strong>. Type d'utilisation :<\/strong><\/em><\/span><\/p>\n<ul>\n<li style=\"list-style-type: none;\">\n<ul>\n<li>Vitrines ;<\/li>\n<li>V\u00e9hicules ;<\/li>\n<li>Int\u00e9rieur \/\u00a0Ext\u00e9rieur ;<\/li>\n<li>...<\/li>\n<\/ul>\n<\/li>\n<\/ul>\n<\/div><\/div>\n<\/div>\n\n<div class=\"et_pb_column_4 et_pb_column et-last-child et_flex_column et_pb_css_mix_blend_mode_passthrough et_flex_column_8_24 et_flex_column_8_24_tablet et_flex_column_24_24_phone\">\n<div class=\"et_pb_text_5 et_pb_text et_pb_bg_layout_light et_pb_module et_flex_module\"><div class=\"et_pb_text_inner\"><p><span style=\"color: #e54f25;\"><em><strong>. Type :<\/strong><\/em><\/span><\/p>\n<ul>\n<li style=\"list-style-type: none;\">\n<ul>\n<li>Vinyle adh\u00e9sif standard ;<\/li>\n<li>Monom\u00e9re (int\u00e9rieur \/ ext\u00e9rieur) ;<\/li>\n<li>Mat ou brillant ;<\/li>\n<li>Coupe \u00e0 la forme.<\/li>\n<\/ul>\n<\/li>\n<\/ul>\n<\/div><\/div>\n<\/div>\n<\/div>\n<\/div>\n<\/div>\n<\/div>\n\n<div class=\"et_pb_section_2 et_pb_section et_section_regular et_flex_section\"><\/div>","protected":false},"excerpt":{"rendered":"<p>D\u00e9couvrez notre expertise en mati\u00e8re d&rsquo;adh\u00e9sifs pour donner vie \u00e0 vos projets. Que ce soit pour des lettrages accrocheurs ou des logos percutants, nous vous accompagnons dans la personnalisation de vos supports. Nos adh\u00e9sifs sont con\u00e7us pour r\u00e9sister aux intemp\u00e9ries, garantissant une durabilit\u00e9 optimale pour vos applications int\u00e9rieures et ext\u00e9rieures. Profitez de notre savoir-faire pour transformer vos id\u00e9es en r\u00e9alisations concr\u00e8tes et impactantes.<\/p>\n","protected":false},"author":1,"featured_media":0,"parent":0,"menu_order":0,"comment_status":"closed","ping_status":"closed","template":"","meta":{"footnotes":""},"class_list":["post-225","page","type-page","status-publish","hentry"],"yoast_head":"<!-- This site is optimized with the Yoast SEO plugin v27.3 - https:\/\/yoast.com\/product\/yoast-seo-wordpress\/ -->\n<title>Adhesifs - TOUSABLOC-MEDIAS<\/title>\n<meta name=\"robots\" content=\"index, follow, max-snippet:-1, max-image-preview:large, max-video-preview:-1\" \/>\n<link rel=\"canonical\" href=\"https:\/\/tousabloc-medias.fr\/index.php\/adhesifs\/\" \/>\n<meta property=\"og:locale\" content=\"fr_FR\" \/>\n<meta property=\"og:type\" content=\"article\" \/>\n<meta property=\"og:title\" content=\"Adhesifs - TOUSABLOC-MEDIAS\" \/>\n<meta property=\"og:description\" content=\"D\u00e9couvrez notre expertise en mati\u00e8re d&#039;adh\u00e9sifs pour donner vie \u00e0 vos projets. Que ce soit pour des lettrages accrocheurs ou des logos percutants, nous vous accompagnons dans la personnalisation de vos supports. Nos adh\u00e9sifs sont con\u00e7us pour r\u00e9sister aux intemp\u00e9ries, garantissant une durabilit\u00e9 optimale pour vos applications int\u00e9rieures et ext\u00e9rieures. Profitez de notre savoir-faire pour transformer vos id\u00e9es en r\u00e9alisations concr\u00e8tes et impactantes.\" \/>\n<meta property=\"og:url\" content=\"https:\/\/tousabloc-medias.fr\/index.php\/adhesifs\/\" \/>\n<meta property=\"og:site_name\" content=\"TOUSABLOC-MEDIAS\" \/>\n<meta property=\"article:modified_time\" content=\"2026-03-18T21:21:55+00:00\" \/>\n<meta name=\"twitter:card\" content=\"summary_large_image\" \/>\n<script type=\"application\/ld+json\" class=\"yoast-schema-graph\">{\"@context\":\"https:\\\/\\\/schema.org\",\"@graph\":[{\"@type\":\"WebPage\",\"@id\":\"https:\\\/\\\/tousabloc-medias.fr\\\/index.php\\\/adhesifs\\\/\",\"url\":\"https:\\\/\\\/tousabloc-medias.fr\\\/index.php\\\/adhesifs\\\/\",\"name\":\"Adhesifs - TOUSABLOC-MEDIAS\",\"isPartOf\":{\"@id\":\"https:\\\/\\\/tousabloc-medias.fr\\\/#website\"},\"datePublished\":\"2026-03-11T06:02:02+00:00\",\"dateModified\":\"2026-03-18T21:21:55+00:00\",\"breadcrumb\":{\"@id\":\"https:\\\/\\\/tousabloc-medias.fr\\\/index.php\\\/adhesifs\\\/#breadcrumb\"},\"inLanguage\":\"fr-FR\",\"potentialAction\":[{\"@type\":\"ReadAction\",\"target\":[\"https:\\\/\\\/tousabloc-medias.fr\\\/index.php\\\/adhesifs\\\/\"]}]},{\"@type\":\"BreadcrumbList\",\"@id\":\"https:\\\/\\\/tousabloc-medias.fr\\\/index.php\\\/adhesifs\\\/#breadcrumb\",\"itemListElement\":[{\"@type\":\"ListItem\",\"position\":1,\"name\":\"Accueil\",\"item\":\"https:\\\/\\\/tousabloc-medias.fr\\\/\"},{\"@type\":\"ListItem\",\"position\":2,\"name\":\"Adhesifs\"}]},{\"@type\":\"WebSite\",\"@id\":\"https:\\\/\\\/tousabloc-medias.fr\\\/#website\",\"url\":\"https:\\\/\\\/tousabloc-medias.fr\\\/\",\"name\":\"TOUSABLOC-MEDIAS\",\"description\":\"Agence Web, Print, Mod\u00e9lisation et impression 3D, gravure laser\",\"potentialAction\":[{\"@type\":\"SearchAction\",\"target\":{\"@type\":\"EntryPoint\",\"urlTemplate\":\"https:\\\/\\\/tousabloc-medias.fr\\\/?s={search_term_string}\"},\"query-input\":{\"@type\":\"PropertyValueSpecification\",\"valueRequired\":true,\"valueName\":\"search_term_string\"}}],\"inLanguage\":\"fr-FR\"}]}<\/script>\n<!-- \/ Yoast SEO plugin. -->","yoast_head_json":{"title":"Adhesifs - TOUSABLOC-MEDIAS","robots":{"index":"index","follow":"follow","max-snippet":"max-snippet:-1","max-image-preview":"max-image-preview:large","max-video-preview":"max-video-preview:-1"},"canonical":"https:\/\/tousabloc-medias.fr\/index.php\/adhesifs\/","og_locale":"fr_FR","og_type":"article","og_title":"Adhesifs - TOUSABLOC-MEDIAS","og_description":"D\u00e9couvrez notre expertise en mati\u00e8re d'adh\u00e9sifs pour donner vie \u00e0 vos projets. Que ce soit pour des lettrages accrocheurs ou des logos percutants, nous vous accompagnons dans la personnalisation de vos supports. Nos adh\u00e9sifs sont con\u00e7us pour r\u00e9sister aux intemp\u00e9ries, garantissant une durabilit\u00e9 optimale pour vos applications int\u00e9rieures et ext\u00e9rieures. Profitez de notre savoir-faire pour transformer vos id\u00e9es en r\u00e9alisations concr\u00e8tes et impactantes.","og_url":"https:\/\/tousabloc-medias.fr\/index.php\/adhesifs\/","og_site_name":"TOUSABLOC-MEDIAS","article_modified_time":"2026-03-18T21:21:55+00:00","twitter_card":"summary_large_image","schema":{"@context":"https:\/\/schema.org","@graph":[{"@type":"WebPage","@id":"https:\/\/tousabloc-medias.fr\/index.php\/adhesifs\/","url":"https:\/\/tousabloc-medias.fr\/index.php\/adhesifs\/","name":"Adhesifs - TOUSABLOC-MEDIAS","isPartOf":{"@id":"https:\/\/tousabloc-medias.fr\/#website"},"datePublished":"2026-03-11T06:02:02+00:00","dateModified":"2026-03-18T21:21:55+00:00","breadcrumb":{"@id":"https:\/\/tousabloc-medias.fr\/index.php\/adhesifs\/#breadcrumb"},"inLanguage":"fr-FR","potentialAction":[{"@type":"ReadAction","target":["https:\/\/tousabloc-medias.fr\/index.php\/adhesifs\/"]}]},{"@type":"BreadcrumbList","@id":"https:\/\/tousabloc-medias.fr\/index.php\/adhesifs\/#breadcrumb","itemListElement":[{"@type":"ListItem","position":1,"name":"Accueil","item":"https:\/\/tousabloc-medias.fr\/"},{"@type":"ListItem","position":2,"name":"Adhesifs"}]},{"@type":"WebSite","@id":"https:\/\/tousabloc-medias.fr\/#website","url":"https:\/\/tousabloc-medias.fr\/","name":"TOUSABLOC-MEDIAS","description":"Agence Web, Print, Mod\u00e9lisation et impression 3D, gravure laser","potentialAction":[{"@type":"SearchAction","target":{"@type":"EntryPoint","urlTemplate":"https:\/\/tousabloc-medias.fr\/?s={search_term_string}"},"query-input":{"@type":"PropertyValueSpecification","valueRequired":true,"valueName":"search_term_string"}}],"inLanguage":"fr-FR"}]}},"_links":{"self":[{"href":"https:\/\/tousabloc-medias.fr\/index.php\/wp-json\/wp\/v2\/pages\/225","targetHints":{"allow":["GET"]}}],"collection":[{"href":"https:\/\/tousabloc-medias.fr\/index.php\/wp-json\/wp\/v2\/pages"}],"about":[{"href":"https:\/\/tousabloc-medias.fr\/index.php\/wp-json\/wp\/v2\/types\/page"}],"author":[{"embeddable":true,"href":"https:\/\/tousabloc-medias.fr\/index.php\/wp-json\/wp\/v2\/users\/1"}],"replies":[{"embeddable":true,"href":"https:\/\/tousabloc-medias.fr\/index.php\/wp-json\/wp\/v2\/comments?post=225"}],"version-history":[{"count":8,"href":"https:\/\/tousabloc-medias.fr\/index.php\/wp-json\/wp\/v2\/pages\/225\/revisions"}],"predecessor-version":[{"id":248,"href":"https:\/\/tousabloc-medias.fr\/index.php\/wp-json\/wp\/v2\/pages\/225\/revisions\/248"}],"wp:attachment":[{"href":"https:\/\/tousabloc-medias.fr\/index.php\/wp-json\/wp\/v2\/media?parent=225"}],"curies":[{"name":"wp","href":"https:\/\/api.w.org\/{rel}","templated":true}]}}