{"id":233,"date":"2026-03-11T06:26:25","date_gmt":"2026-03-11T06:26:25","guid":{"rendered":"https:\/\/tousabloc-medias.fr\/index.php\/3d\/"},"modified":"2026-03-22T09:38:47","modified_gmt":"2026-03-22T09:38:47","slug":"3d","status":"publish","type":"page","link":"https:\/\/tousabloc-medias.fr\/index.php\/3d\/","title":{"rendered":"Impression 3D FDM"},"content":{"rendered":"<div class=\"et_pb_section_0 et_pb_section et_section_regular et_flex_section\">\n<div class=\"et_pb_row_0 et_pb_row et_flex_row\">\n<div class=\"et_pb_column_0 et_pb_column et-last-child et_flex_column et_pb_css_mix_blend_mode_passthrough et_flex_column_24_24 et_flex_column_24_24_tablet et_flex_column_24_24_phone\">\n<div class=\"et_pb_text_0 et_pb_text et_pb_bg_layout_light et_pb_module et_flex_module\"><div class=\"et_pb_text_inner\"><h1 style=\"text-align: center;\"><strong><span style=\"color: #ff6600;\">Espace 3D FDM<\/span><\/strong><\/h1>\n<\/div><\/div>\n<\/div>\n<\/div>\n<\/div>\n\n<div class=\"et_pb_section_1 et_pb_section et_section_regular et_block_section\">\n<div class=\"et_pb_row_1 et_pb_row et_block_row\">\n<div class=\"et_pb_column_1 et_pb_column et_pb_column_4_4 et-last-child et_block_column et_pb_css_mix_blend_mode_passthrough\">\n<div class=\"et_pb_text_1 et_pb_text et_pb_bg_layout_dark et_pb_module et_flex_module\"><div class=\"et_pb_text_inner\"><p style=\"text-align: center;\"><span style=\"color: #e54f25;\"><strong>Retrouvez dans cette section les informations relatives \u00e0 notre activit\u00e9<\/strong><\/span><\/p>\n<p style=\"text-align: center;\"><span style=\"color: #e54f25;\"><strong>Mod\u00e9lisation et Impression 3D FDM<\/strong><\/span><\/p>\n<\/div><\/div>\n\n<div class=\"et_pb_text_2 et_pb_text et_pb_bg_layout_light et_pb_module et_block_module\"><div class=\"et_pb_text_inner\"><h1 class=\"et_pb_module et_pb_text et_pb_text_1 et_pb_text_align_center et_pb_bg_layout_light et_had_animation\"><span style=\"font-size: x-large; font-family: Lato;\">Nous r\u00e9alisons vos projets de la mod\u00e9lisation \u00e0 l'impression FDM.<\/span><\/h1>\n<blockquote class=\"wp-block-quote\">\n<div class=\"et_pb_column et_pb_column_1_2 et_pb_column_14  et_pb_css_mix_blend_mode_passthrough et-last-child\">\n<div class=\"et_pb_module et_pb_text et_pb_text_7  et_pb_text_align_left et_pb_bg_layout_light\"><\/div>\n<\/div>\n<\/blockquote>\n<p><!-- \/wp:paragraph --><\/p>\n<\/div><\/div>\n\n<div class=\"et_pb_row_2 et_pb_row et_pb_row_nested et_flex_row\">\n<div class=\"et_pb_column_2 et_pb_column et_flex_column et_pb_css_mix_blend_mode_passthrough et_flex_column_8_24 et_flex_column_8_24_tablet et_flex_column_24_24_phone\">\n<div class=\"et_pb_text_3 et_pb_text et_pb_bg_layout_light et_pb_module et_flex_module\"><div class=\"et_pb_text_inner\"><p><span style=\"color: #e54f25;\"><em><strong>. Mod\u00e9lisation :<\/strong><\/em><\/span><\/p>\n<ul>\n<li style=\"list-style-type: none;\">\n<ul>\n<li>Tous type de pi\u00e8ce (hors organes de s\u00e9curit\u00e9) ;<\/li>\n<li>Pi\u00e8ce innovante ;<\/li>\n<li>Sur demande \/ Adaptabilit\u00e9 ;<\/li>\n<li>...<\/li>\n<\/ul>\n<\/li>\n<\/ul>\n<\/div><\/div>\n<\/div>\n\n<div class=\"et_pb_column_3 et_pb_column et_flex_column et_pb_css_mix_blend_mode_passthrough et_flex_column_8_24 et_flex_column_8_24_tablet et_flex_column_24_24_phone\">\n<div class=\"et_pb_text_4 et_pb_text et_pb_bg_layout_light et_pb_module et_flex_module\"><div class=\"et_pb_text_inner\"><p><span style=\"color: #e54f25;\"><em><strong>. Type d'utilisation :<\/strong><\/em><\/span><\/p>\n<ul>\n<li style=\"list-style-type: none;\">\n<ul>\n<li>Hors organes de s\u00e9curit\u00e9 ;<\/li>\n<li>Prototypage ;<\/li>\n<li>Int\u00e9rieur \/\u00a0Ext\u00e9rieur ;<\/li>\n<li>...<\/li>\n<\/ul>\n<\/li>\n<\/ul>\n<\/div><\/div>\n<\/div>\n\n<div class=\"et_pb_column_4 et_pb_column et-last-child et_flex_column et_pb_css_mix_blend_mode_passthrough et_flex_column_8_24 et_flex_column_8_24_tablet et_flex_column_24_24_phone\">\n<div class=\"et_pb_text_5 et_pb_text et_pb_bg_layout_light et_pb_module et_flex_module\"><div class=\"et_pb_text_inner\"><p><span style=\"color: #e54f25;\"><em><strong>. R\u00e9alisation :<\/strong><\/em><\/span><\/p>\n<ul>\n<li style=\"list-style-type: none;\">\n<ul>\n<li>Flexibilit\u00e9 ;<\/li>\n<li>A partir d'une unit\u00e9 ;<\/li>\n<li>Choix de couleurs ;<\/li>\n<li>Mat\u00e9riaux adapt\u00e9s.<\/li>\n<\/ul>\n<\/li>\n<\/ul>\n<\/div><\/div>\n<\/div>\n<\/div>\n<\/div>\n<\/div>\n<\/div>","protected":false},"excerpt":{"rendered":"<p>D\u00e9couvrez l&rsquo;univers fascinant de l&rsquo;impression 3D avec TOUSABLOC-MEDIAS. Nous vous accompagnons dans la cr\u00e9ation de prototypes uniques et sur mesure, adapt\u00e9s \u00e0 vos besoins sp\u00e9cifiques. Que vous ayez besoin de pi\u00e8ces fonctionnelles ou d\u00e9coratives, notre expertise en mod\u00e9lisation et impression 3D FDM vous garantit des r\u00e9sultats de haute qualit\u00e9. Explorez les possibilit\u00e9s infinies de la fabrication additive et laissez libre cours \u00e0 votre cr\u00e9ativit\u00e9 avec nos solutions innovantes.<\/p>\n","protected":false},"author":1,"featured_media":0,"parent":0,"menu_order":0,"comment_status":"closed","ping_status":"closed","template":"","meta":{"footnotes":""},"class_list":["post-233","page","type-page","status-publish","hentry"],"yoast_head":"<!-- This site is optimized with the Yoast SEO plugin v27.3 - https:\/\/yoast.com\/product\/yoast-seo-wordpress\/ -->\n<title>Impression 3D FDM - TOUSABLOC-MEDIAS<\/title>\n<meta name=\"robots\" content=\"index, follow, max-snippet:-1, max-image-preview:large, max-video-preview:-1\" \/>\n<link rel=\"canonical\" href=\"https:\/\/tousabloc-medias.fr\/index.php\/3d\/\" \/>\n<meta property=\"og:locale\" content=\"fr_FR\" \/>\n<meta property=\"og:type\" content=\"article\" \/>\n<meta property=\"og:title\" content=\"Impression 3D FDM - TOUSABLOC-MEDIAS\" \/>\n<meta property=\"og:description\" content=\"D\u00e9couvrez l&#039;univers fascinant de l&#039;impression 3D avec TOUSABLOC-MEDIAS. Nous vous accompagnons dans la cr\u00e9ation de prototypes uniques et sur mesure, adapt\u00e9s \u00e0 vos besoins sp\u00e9cifiques. Que vous ayez besoin de pi\u00e8ces fonctionnelles ou d\u00e9coratives, notre expertise en mod\u00e9lisation et impression 3D FDM vous garantit des r\u00e9sultats de haute qualit\u00e9. Explorez les possibilit\u00e9s infinies de la fabrication additive et laissez libre cours \u00e0 votre cr\u00e9ativit\u00e9 avec nos solutions innovantes.\" \/>\n<meta property=\"og:url\" content=\"https:\/\/tousabloc-medias.fr\/index.php\/3d\/\" \/>\n<meta property=\"og:site_name\" content=\"TOUSABLOC-MEDIAS\" \/>\n<meta property=\"article:modified_time\" content=\"2026-03-22T09:38:47+00:00\" \/>\n<meta name=\"twitter:card\" content=\"summary_large_image\" \/>\n<script type=\"application\/ld+json\" class=\"yoast-schema-graph\">{\"@context\":\"https:\\\/\\\/schema.org\",\"@graph\":[{\"@type\":\"WebPage\",\"@id\":\"https:\\\/\\\/tousabloc-medias.fr\\\/index.php\\\/3d\\\/\",\"url\":\"https:\\\/\\\/tousabloc-medias.fr\\\/index.php\\\/3d\\\/\",\"name\":\"Impression 3D FDM - TOUSABLOC-MEDIAS\",\"isPartOf\":{\"@id\":\"https:\\\/\\\/tousabloc-medias.fr\\\/#website\"},\"datePublished\":\"2026-03-11T06:26:25+00:00\",\"dateModified\":\"2026-03-22T09:38:47+00:00\",\"breadcrumb\":{\"@id\":\"https:\\\/\\\/tousabloc-medias.fr\\\/index.php\\\/3d\\\/#breadcrumb\"},\"inLanguage\":\"fr-FR\",\"potentialAction\":[{\"@type\":\"ReadAction\",\"target\":[\"https:\\\/\\\/tousabloc-medias.fr\\\/index.php\\\/3d\\\/\"]}]},{\"@type\":\"BreadcrumbList\",\"@id\":\"https:\\\/\\\/tousabloc-medias.fr\\\/index.php\\\/3d\\\/#breadcrumb\",\"itemListElement\":[{\"@type\":\"ListItem\",\"position\":1,\"name\":\"Accueil\",\"item\":\"https:\\\/\\\/tousabloc-medias.fr\\\/\"},{\"@type\":\"ListItem\",\"position\":2,\"name\":\"Impression 3D FDM\"}]},{\"@type\":\"WebSite\",\"@id\":\"https:\\\/\\\/tousabloc-medias.fr\\\/#website\",\"url\":\"https:\\\/\\\/tousabloc-medias.fr\\\/\",\"name\":\"TOUSABLOC-MEDIAS\",\"description\":\"Agence Web, Print, Mod\u00e9lisation et impression 3D, gravure laser\",\"potentialAction\":[{\"@type\":\"SearchAction\",\"target\":{\"@type\":\"EntryPoint\",\"urlTemplate\":\"https:\\\/\\\/tousabloc-medias.fr\\\/?s={search_term_string}\"},\"query-input\":{\"@type\":\"PropertyValueSpecification\",\"valueRequired\":true,\"valueName\":\"search_term_string\"}}],\"inLanguage\":\"fr-FR\"}]}<\/script>\n<!-- \/ Yoast SEO plugin. -->","yoast_head_json":{"title":"Impression 3D FDM - TOUSABLOC-MEDIAS","robots":{"index":"index","follow":"follow","max-snippet":"max-snippet:-1","max-image-preview":"max-image-preview:large","max-video-preview":"max-video-preview:-1"},"canonical":"https:\/\/tousabloc-medias.fr\/index.php\/3d\/","og_locale":"fr_FR","og_type":"article","og_title":"Impression 3D FDM - TOUSABLOC-MEDIAS","og_description":"D\u00e9couvrez l'univers fascinant de l'impression 3D avec TOUSABLOC-MEDIAS. Nous vous accompagnons dans la cr\u00e9ation de prototypes uniques et sur mesure, adapt\u00e9s \u00e0 vos besoins sp\u00e9cifiques. Que vous ayez besoin de pi\u00e8ces fonctionnelles ou d\u00e9coratives, notre expertise en mod\u00e9lisation et impression 3D FDM vous garantit des r\u00e9sultats de haute qualit\u00e9. Explorez les possibilit\u00e9s infinies de la fabrication additive et laissez libre cours \u00e0 votre cr\u00e9ativit\u00e9 avec nos solutions innovantes.","og_url":"https:\/\/tousabloc-medias.fr\/index.php\/3d\/","og_site_name":"TOUSABLOC-MEDIAS","article_modified_time":"2026-03-22T09:38:47+00:00","twitter_card":"summary_large_image","schema":{"@context":"https:\/\/schema.org","@graph":[{"@type":"WebPage","@id":"https:\/\/tousabloc-medias.fr\/index.php\/3d\/","url":"https:\/\/tousabloc-medias.fr\/index.php\/3d\/","name":"Impression 3D FDM - TOUSABLOC-MEDIAS","isPartOf":{"@id":"https:\/\/tousabloc-medias.fr\/#website"},"datePublished":"2026-03-11T06:26:25+00:00","dateModified":"2026-03-22T09:38:47+00:00","breadcrumb":{"@id":"https:\/\/tousabloc-medias.fr\/index.php\/3d\/#breadcrumb"},"inLanguage":"fr-FR","potentialAction":[{"@type":"ReadAction","target":["https:\/\/tousabloc-medias.fr\/index.php\/3d\/"]}]},{"@type":"BreadcrumbList","@id":"https:\/\/tousabloc-medias.fr\/index.php\/3d\/#breadcrumb","itemListElement":[{"@type":"ListItem","position":1,"name":"Accueil","item":"https:\/\/tousabloc-medias.fr\/"},{"@type":"ListItem","position":2,"name":"Impression 3D FDM"}]},{"@type":"WebSite","@id":"https:\/\/tousabloc-medias.fr\/#website","url":"https:\/\/tousabloc-medias.fr\/","name":"TOUSABLOC-MEDIAS","description":"Agence Web, Print, Mod\u00e9lisation et impression 3D, gravure laser","potentialAction":[{"@type":"SearchAction","target":{"@type":"EntryPoint","urlTemplate":"https:\/\/tousabloc-medias.fr\/?s={search_term_string}"},"query-input":{"@type":"PropertyValueSpecification","valueRequired":true,"valueName":"search_term_string"}}],"inLanguage":"fr-FR"}]}},"_links":{"self":[{"href":"https:\/\/tousabloc-medias.fr\/index.php\/wp-json\/wp\/v2\/pages\/233","targetHints":{"allow":["GET"]}}],"collection":[{"href":"https:\/\/tousabloc-medias.fr\/index.php\/wp-json\/wp\/v2\/pages"}],"about":[{"href":"https:\/\/tousabloc-medias.fr\/index.php\/wp-json\/wp\/v2\/types\/page"}],"author":[{"embeddable":true,"href":"https:\/\/tousabloc-medias.fr\/index.php\/wp-json\/wp\/v2\/users\/1"}],"replies":[{"embeddable":true,"href":"https:\/\/tousabloc-medias.fr\/index.php\/wp-json\/wp\/v2\/comments?post=233"}],"version-history":[{"count":6,"href":"https:\/\/tousabloc-medias.fr\/index.php\/wp-json\/wp\/v2\/pages\/233\/revisions"}],"predecessor-version":[{"id":353,"href":"https:\/\/tousabloc-medias.fr\/index.php\/wp-json\/wp\/v2\/pages\/233\/revisions\/353"}],"wp:attachment":[{"href":"https:\/\/tousabloc-medias.fr\/index.php\/wp-json\/wp\/v2\/media?parent=233"}],"curies":[{"name":"wp","href":"https:\/\/api.w.org\/{rel}","templated":true}]}}