{"id":242,"date":"2026-03-22T07:45:33","date_gmt":"2026-03-22T07:45:33","guid":{"rendered":"https:\/\/tousabloc-medias.fr\/?page_id=242"},"modified":"2026-03-22T08:42:12","modified_gmt":"2026-03-22T08:42:12","slug":"gravure-laser","status":"publish","type":"page","link":"https:\/\/tousabloc-medias.fr\/index.php\/gravure-laser\/","title":{"rendered":"Gravure laser"},"content":{"rendered":"<div class=\"et_pb_section_0 et_pb_section et_section_regular et_flex_section\">\n<div class=\"et_pb_row_0 et_pb_row et_flex_row\">\n<div class=\"et_pb_column_0 et_pb_column et-last-child et_flex_column et_pb_css_mix_blend_mode_passthrough et_flex_column_24_24 et_flex_column_24_24_tablet et_flex_column_24_24_phone\">\n<div class=\"et_pb_text_0 et_pb_text et_pb_bg_layout_light et_pb_module et_flex_module\"><div class=\"et_pb_text_inner\"><h1 style=\"text-align: center;\"><strong><span style=\"color: #ff6600;\">Espace Gravure laser<\/span><\/strong><\/h1>\n<\/div><\/div>\n<\/div>\n<\/div>\n<\/div>\n\n<div class=\"et_pb_section_1 et_pb_section et_section_regular et_block_section\">\n<div class=\"et_pb_row_1 et_pb_row et_block_row\">\n<div class=\"et_pb_column_1 et_pb_column et_pb_column_4_4 et-last-child et_block_column et_pb_css_mix_blend_mode_passthrough\">\n<div class=\"et_pb_text_1 et_pb_text et_pb_bg_layout_dark et_pb_module et_flex_module\"><div class=\"et_pb_text_inner\"><p style=\"text-align: center;\"><span style=\"color: #e54f25;\"><strong>Retrouvez dans cette section les informations relatives \u00e0 notre activit\u00e9<\/strong><\/span><\/p>\n<p style=\"text-align: center;\"><span style=\"color: #e54f25;\"><strong>Gravure laser<\/strong><\/span><\/p>\n<\/div><\/div>\n\n<div class=\"et_pb_text_2 et_pb_text et_pb_bg_layout_light et_pb_module et_block_module\"><div class=\"et_pb_text_inner\"><h1 class=\"et_pb_module et_pb_text et_pb_text_1 et_pb_text_align_center et_pb_bg_layout_light et_had_animation\" style=\"text-align: center;\"><span style=\"font-size: x-large; font-family: Lato;\">Nous r\u00e9alisons vos projets de gravure sur support*<\/span><\/h1>\n<p style=\"text-align: center;\"><span style=\"font-size: x-large; font-family: Lato;\">De la gravure \u00e0 l'unit\u00e9 jusqu'\u00e0 la gravure en s\u00e9rie, nous pouvons r\u00e9pondre \u00e0 votre demande**<\/span><\/p>\n<blockquote class=\"wp-block-quote\">\n<div class=\"et_pb_column et_pb_column_1_2 et_pb_column_14  et_pb_css_mix_blend_mode_passthrough et-last-child\">\n<div class=\"et_pb_module et_pb_text et_pb_text_7  et_pb_text_align_left et_pb_bg_layout_light\"><\/div>\n<\/div>\n<\/blockquote>\n<p><!-- \/wp:paragraph --><\/p>\n<\/div><\/div>\n<\/div>\n<\/div>\n\n<div class=\"et_pb_row_2 et_pb_row et_flex_row\">\n<div class=\"et_pb_column_2 et_pb_column et_flex_column et_pb_css_mix_blend_mode_passthrough et_flex_column_3_5 et_flex_column_3_5_tablet et_flex_column_24_24_phone\">\n<div class=\"et_pb_text_3 et_pb_text et_pb_bg_layout_light et_pb_module et_flex_module\"><\/div>\n<\/div>\n\n<div class=\"et_pb_column_3 et_pb_column et-last-child et_flex_column et_pb_css_mix_blend_mode_passthrough et_flex_column_2_5 et_flex_column_2_5_tablet et_flex_column_24_24_phone\">\n<div class=\"et_pb_text_4 et_pb_text et_pb_bg_layout_light et_pb_module et_flex_module\"><div class=\"et_pb_text_inner\"><p>* Certains supports n\u00e9cessitent des tests.<br \/>** D\u00e9lais variables selon quantit\u00e9s.<\/p>\n<\/div><\/div>\n<\/div>\n<\/div>\n\n<div class=\"et_pb_row_3 et_pb_row et_block_row\">\n<div class=\"et_pb_column_4 et_pb_column et_pb_column_4_4 et-last-child et_block_column et_pb_css_mix_blend_mode_passthrough\">\n<div class=\"et_pb_row_4 et_pb_row et_pb_row_nested et_flex_row\">\n<div class=\"et_pb_column_5 et_pb_column et_flex_column et_pb_css_mix_blend_mode_passthrough et_flex_column_8_24 et_flex_column_8_24_tablet et_flex_column_24_24_phone\">\n<div class=\"et_pb_text_5 et_pb_text et_pb_bg_layout_light et_pb_module et_flex_module\"><div class=\"et_pb_text_inner\"><p><span style=\"color: #e54f25;\"><em><strong>. Visuel :<\/strong><\/em><\/span><\/p>\n<ul>\n<li style=\"list-style-type: none;\">\n<ul>\n<li>Conception du visuel ;<\/li>\n<li>Importation de votre visuel ;<\/li>\n<li>Personnalisation ;<\/li>\n<li>...<\/li>\n<\/ul>\n<\/li>\n<\/ul>\n<\/div><\/div>\n<\/div>\n\n<div class=\"et_pb_column_6 et_pb_column et_flex_column et_pb_css_mix_blend_mode_passthrough et_flex_column_8_24 et_flex_column_8_24_tablet et_flex_column_24_24_phone\">\n<div class=\"et_pb_text_6 et_pb_text et_pb_bg_layout_light et_pb_module et_flex_module\"><div class=\"et_pb_text_inner\"><p><span style=\"color: #e54f25;\"><em><strong>\u00a0Support :<\/strong><\/em><\/span><\/p>\n<ul>\n<li style=\"list-style-type: none;\">\n<ul>\n<li>Bois ;<\/li>\n<li>Aluminium,\u00a0Acier ;<\/li>\n<li>Verre,\u00a0 C\u00e9ramique ;<\/li>\n<li>Ardoise ;<\/li>\n<li>...<\/li>\n<\/ul>\n<\/li>\n<\/ul>\n<\/div><\/div>\n<\/div>\n\n<div class=\"et_pb_column_7 et_pb_column et-last-child et_flex_column et_pb_css_mix_blend_mode_passthrough et_flex_column_8_24 et_flex_column_8_24_tablet et_flex_column_24_24_phone\">\n<div class=\"et_pb_text_7 et_pb_text et_pb_bg_layout_light et_pb_module et_flex_module\"><div class=\"et_pb_text_inner\"><p><span style=\"color: #e54f25;\"><em><strong>. Activit\u00e9 :<\/strong><\/em><\/span><\/p>\n<ul>\n<li style=\"list-style-type: none;\">\n<ul>\n<li>Ev\u00e9nements familiaux (mariage, naissance, bapt\u00e8me, en m\u00e9moire, ... ;<\/li>\n<li>Troph\u00e9es ;<\/li>\n<li>Identification animaux ;<\/li>\n<li>Goodies ;<\/li>\n<li>...<\/li>\n<\/ul>\n<\/li>\n<\/ul>\n<\/div><\/div>\n<\/div>\n<\/div>\n<\/div>\n<\/div>\n<\/div>","protected":false},"excerpt":{"rendered":"<p>D\u00e9couvrez l&rsquo;art de la gravure laser, une technique pr\u00e9cise et innovante qui permet de personnaliser vos objets avec une finesse in\u00e9gal\u00e9e. Que ce soit pour des cadeaux uniques, des d\u00e9corations sur mesure ou des prototypes, notre expertise en gravure laser vous offre des possibilit\u00e9s infinies. Gr\u00e2ce \u00e0 notre technologie de pointe, nous transformons vos id\u00e9es en r\u00e9alit\u00e9, en gravant des designs complexes sur divers mat\u00e9riaux tels que le bois, le verre et le m\u00e9tal. Laissez libre cours \u00e0 votre cr\u00e9ativit\u00e9 et d\u00e9marquez-vous avec des cr\u00e9ations personnalis\u00e9es qui racontent votre histoire.<\/p>\n","protected":false},"author":1,"featured_media":0,"parent":0,"menu_order":0,"comment_status":"closed","ping_status":"closed","template":"","meta":{"footnotes":""},"class_list":["post-242","page","type-page","status-publish","hentry"],"yoast_head":"<!-- This site is optimized with the Yoast SEO plugin v27.3 - https:\/\/yoast.com\/product\/yoast-seo-wordpress\/ -->\n<title>Gravure laser - TOUSABLOC-MEDIAS<\/title>\n<meta name=\"robots\" content=\"index, follow, max-snippet:-1, max-image-preview:large, max-video-preview:-1\" \/>\n<link rel=\"canonical\" href=\"https:\/\/tousabloc-medias.fr\/index.php\/gravure-laser\/\" \/>\n<meta property=\"og:locale\" content=\"fr_FR\" \/>\n<meta property=\"og:type\" content=\"article\" \/>\n<meta property=\"og:title\" content=\"Gravure laser - TOUSABLOC-MEDIAS\" \/>\n<meta property=\"og:description\" content=\"D\u00e9couvrez l&#039;art de la gravure laser, une technique pr\u00e9cise et innovante qui permet de personnaliser vos objets avec une finesse in\u00e9gal\u00e9e. Que ce soit pour des cadeaux uniques, des d\u00e9corations sur mesure ou des prototypes, notre expertise en gravure laser vous offre des possibilit\u00e9s infinies. Gr\u00e2ce \u00e0 notre technologie de pointe, nous transformons vos id\u00e9es en r\u00e9alit\u00e9, en gravant des designs complexes sur divers mat\u00e9riaux tels que le bois, le verre et le m\u00e9tal. Laissez libre cours \u00e0 votre cr\u00e9ativit\u00e9 et d\u00e9marquez-vous avec des cr\u00e9ations personnalis\u00e9es qui racontent votre histoire.\" \/>\n<meta property=\"og:url\" content=\"https:\/\/tousabloc-medias.fr\/index.php\/gravure-laser\/\" \/>\n<meta property=\"og:site_name\" content=\"TOUSABLOC-MEDIAS\" \/>\n<meta property=\"article:modified_time\" content=\"2026-03-22T08:42:12+00:00\" \/>\n<meta name=\"twitter:card\" content=\"summary_large_image\" \/>\n<script type=\"application\/ld+json\" class=\"yoast-schema-graph\">{\"@context\":\"https:\\\/\\\/schema.org\",\"@graph\":[{\"@type\":\"WebPage\",\"@id\":\"https:\\\/\\\/tousabloc-medias.fr\\\/index.php\\\/gravure-laser\\\/\",\"url\":\"https:\\\/\\\/tousabloc-medias.fr\\\/index.php\\\/gravure-laser\\\/\",\"name\":\"Gravure laser - TOUSABLOC-MEDIAS\",\"isPartOf\":{\"@id\":\"https:\\\/\\\/tousabloc-medias.fr\\\/#website\"},\"datePublished\":\"2026-03-22T07:45:33+00:00\",\"dateModified\":\"2026-03-22T08:42:12+00:00\",\"breadcrumb\":{\"@id\":\"https:\\\/\\\/tousabloc-medias.fr\\\/index.php\\\/gravure-laser\\\/#breadcrumb\"},\"inLanguage\":\"fr-FR\",\"potentialAction\":[{\"@type\":\"ReadAction\",\"target\":[\"https:\\\/\\\/tousabloc-medias.fr\\\/index.php\\\/gravure-laser\\\/\"]}]},{\"@type\":\"BreadcrumbList\",\"@id\":\"https:\\\/\\\/tousabloc-medias.fr\\\/index.php\\\/gravure-laser\\\/#breadcrumb\",\"itemListElement\":[{\"@type\":\"ListItem\",\"position\":1,\"name\":\"Accueil\",\"item\":\"https:\\\/\\\/tousabloc-medias.fr\\\/\"},{\"@type\":\"ListItem\",\"position\":2,\"name\":\"Gravure laser\"}]},{\"@type\":\"WebSite\",\"@id\":\"https:\\\/\\\/tousabloc-medias.fr\\\/#website\",\"url\":\"https:\\\/\\\/tousabloc-medias.fr\\\/\",\"name\":\"TOUSABLOC-MEDIAS\",\"description\":\"Agence Web, Print, Mod\u00e9lisation et impression 3D, gravure laser\",\"potentialAction\":[{\"@type\":\"SearchAction\",\"target\":{\"@type\":\"EntryPoint\",\"urlTemplate\":\"https:\\\/\\\/tousabloc-medias.fr\\\/?s={search_term_string}\"},\"query-input\":{\"@type\":\"PropertyValueSpecification\",\"valueRequired\":true,\"valueName\":\"search_term_string\"}}],\"inLanguage\":\"fr-FR\"}]}<\/script>\n<!-- \/ Yoast SEO plugin. -->","yoast_head_json":{"title":"Gravure laser - TOUSABLOC-MEDIAS","robots":{"index":"index","follow":"follow","max-snippet":"max-snippet:-1","max-image-preview":"max-image-preview:large","max-video-preview":"max-video-preview:-1"},"canonical":"https:\/\/tousabloc-medias.fr\/index.php\/gravure-laser\/","og_locale":"fr_FR","og_type":"article","og_title":"Gravure laser - TOUSABLOC-MEDIAS","og_description":"D\u00e9couvrez l'art de la gravure laser, une technique pr\u00e9cise et innovante qui permet de personnaliser vos objets avec une finesse in\u00e9gal\u00e9e. Que ce soit pour des cadeaux uniques, des d\u00e9corations sur mesure ou des prototypes, notre expertise en gravure laser vous offre des possibilit\u00e9s infinies. Gr\u00e2ce \u00e0 notre technologie de pointe, nous transformons vos id\u00e9es en r\u00e9alit\u00e9, en gravant des designs complexes sur divers mat\u00e9riaux tels que le bois, le verre et le m\u00e9tal. Laissez libre cours \u00e0 votre cr\u00e9ativit\u00e9 et d\u00e9marquez-vous avec des cr\u00e9ations personnalis\u00e9es qui racontent votre histoire.","og_url":"https:\/\/tousabloc-medias.fr\/index.php\/gravure-laser\/","og_site_name":"TOUSABLOC-MEDIAS","article_modified_time":"2026-03-22T08:42:12+00:00","twitter_card":"summary_large_image","schema":{"@context":"https:\/\/schema.org","@graph":[{"@type":"WebPage","@id":"https:\/\/tousabloc-medias.fr\/index.php\/gravure-laser\/","url":"https:\/\/tousabloc-medias.fr\/index.php\/gravure-laser\/","name":"Gravure laser - TOUSABLOC-MEDIAS","isPartOf":{"@id":"https:\/\/tousabloc-medias.fr\/#website"},"datePublished":"2026-03-22T07:45:33+00:00","dateModified":"2026-03-22T08:42:12+00:00","breadcrumb":{"@id":"https:\/\/tousabloc-medias.fr\/index.php\/gravure-laser\/#breadcrumb"},"inLanguage":"fr-FR","potentialAction":[{"@type":"ReadAction","target":["https:\/\/tousabloc-medias.fr\/index.php\/gravure-laser\/"]}]},{"@type":"BreadcrumbList","@id":"https:\/\/tousabloc-medias.fr\/index.php\/gravure-laser\/#breadcrumb","itemListElement":[{"@type":"ListItem","position":1,"name":"Accueil","item":"https:\/\/tousabloc-medias.fr\/"},{"@type":"ListItem","position":2,"name":"Gravure laser"}]},{"@type":"WebSite","@id":"https:\/\/tousabloc-medias.fr\/#website","url":"https:\/\/tousabloc-medias.fr\/","name":"TOUSABLOC-MEDIAS","description":"Agence Web, Print, Mod\u00e9lisation et impression 3D, gravure laser","potentialAction":[{"@type":"SearchAction","target":{"@type":"EntryPoint","urlTemplate":"https:\/\/tousabloc-medias.fr\/?s={search_term_string}"},"query-input":{"@type":"PropertyValueSpecification","valueRequired":true,"valueName":"search_term_string"}}],"inLanguage":"fr-FR"}]}},"_links":{"self":[{"href":"https:\/\/tousabloc-medias.fr\/index.php\/wp-json\/wp\/v2\/pages\/242","targetHints":{"allow":["GET"]}}],"collection":[{"href":"https:\/\/tousabloc-medias.fr\/index.php\/wp-json\/wp\/v2\/pages"}],"about":[{"href":"https:\/\/tousabloc-medias.fr\/index.php\/wp-json\/wp\/v2\/types\/page"}],"author":[{"embeddable":true,"href":"https:\/\/tousabloc-medias.fr\/index.php\/wp-json\/wp\/v2\/users\/1"}],"replies":[{"embeddable":true,"href":"https:\/\/tousabloc-medias.fr\/index.php\/wp-json\/wp\/v2\/comments?post=242"}],"version-history":[{"count":9,"href":"https:\/\/tousabloc-medias.fr\/index.php\/wp-json\/wp\/v2\/pages\/242\/revisions"}],"predecessor-version":[{"id":335,"href":"https:\/\/tousabloc-medias.fr\/index.php\/wp-json\/wp\/v2\/pages\/242\/revisions\/335"}],"wp:attachment":[{"href":"https:\/\/tousabloc-medias.fr\/index.php\/wp-json\/wp\/v2\/media?parent=242"}],"curies":[{"name":"wp","href":"https:\/\/api.w.org\/{rel}","templated":true}]}}