{"id":27,"date":"2026-01-28T21:05:20","date_gmt":"2026-01-28T21:05:20","guid":{"rendered":"https:\/\/tousabloc-medias.fr\/?page_id=27"},"modified":"2026-03-22T10:51:21","modified_gmt":"2026-03-22T10:51:21","slug":"a-propos","status":"publish","type":"page","link":"https:\/\/tousabloc-medias.fr\/index.php\/a-propos\/","title":{"rendered":"A propos"},"content":{"rendered":"<div class=\"et_pb_section_0 et_pb_section et_section_regular et_block_section\">\n<div class=\"et_pb_row_0 et_pb_row et_flex_row\">\n<div class=\"et_pb_column_0 et_pb_column et-last-child et_flex_column et_pb_css_mix_blend_mode_passthrough et_flex_column_24_24 et_flex_column_24_24_tablet et_flex_column_24_24_phone\">\n<div class=\"et_pb_text_0 et_pb_text et_pb_bg_layout_light et_pb_module et_block_module et_pb_text_align_center preset--module--divi-text--7467d508-8d80-43ee-b533-9d51832aaf4f\"><div class=\"et_pb_text_inner\"><div class=\"et_pb_row et_pb_row_3\">\n<div class=\"et_pb_column et_pb_column_4_4 et_pb_column_8  et_pb_css_mix_blend_mode_passthrough et-last-child\">\n<div class=\"et_pb_module et_pb_text et_pb_text_2 et_pb_text_align_center et_pb_bg_layout_light et_had_animation\">\n<div class=\"et_pb_text_inner\">\n<h3><\/h3>\n<h3><\/h3>\n<h3>Un engagement de confiance<\/h3>\n<h1><\/h1>\n<\/div>\n<\/div>\n<div class=\"et_pb_module et_pb_text et_pb_text_3 et_pb_text_align_center et_pb_bg_layout_light et_had_animation\">\n<div class=\"et_pb_text_inner\">\n<p><strong>TOUSABLOC\u2013MEDIAS<\/strong>, c'est une \u00e9quipe passionn\u00e9e, jeune, cr\u00e9ative, dynamique, \u00e0 l\u2019\u00e9coute du<span>\u00a0<\/span><strong>client<\/strong><span>\u00a0<\/span>et respectueuse de<span>\u00a0<\/span><strong>l\u2019environnement<\/strong>.<\/p>\n<p>Notre groupe de<strong><span>\u00a0<\/span>Webdesigners<\/strong><span>\u00a0<\/span>met son savoir-faire \u00e0 votre service pour r\u00e9aliser vos<span>\u00a0<\/span><strong>projets<\/strong><span>\u00a0<\/span>tout en pr\u00e9servant la qualit\u00e9 du travail fourni<\/p>\n<p>et le relationnel avec le<span>\u00a0<\/span><strong>client<\/strong>.<\/p>\n<\/div>\n<\/div>\n<\/div>\n<\/div>\n<\/div><\/div>\n<\/div>\n<\/div>\n\n<div class=\"et_pb_row_1 et_pb_row et_flex_row\">\n<div class=\"et_pb_column_1 et_pb_column et-last-child et_flex_column et_pb_css_mix_blend_mode_passthrough et_flex_column_24_24 et_flex_column_24_24_tablet et_flex_column_24_24_phone\">\n<div class=\"et_pb_text_1 et_pb_text et_pb_bg_layout_light et_pb_module et_block_module et_pb_text_align_center preset--module--divi-text--7467d508-8d80-43ee-b533-9d51832aaf4f\"><div class=\"et_pb_text_inner\"><div class=\"et_pb_row et_pb_row_3\">\n<div class=\"et_pb_column et_pb_column_4_4 et_pb_column_8  et_pb_css_mix_blend_mode_passthrough et-last-child\">\n<div class=\"et_pb_module et_pb_text et_pb_text_2 et_pb_text_align_center et_pb_bg_layout_light et_had_animation\">\n<div class=\"et_pb_text_inner\">\n<h3><\/h3>\n<h3><\/h3>\n<h1><\/h1>\n<\/div>\n<\/div>\n<div class=\"et_pb_module et_pb_text et_pb_text_3 et_pb_text_align_center et_pb_bg_layout_light et_had_animation\">\n<div class=\"et_pb_text_inner\">\n<p><b>Du client particulier au client grand compte, nous traitons les demandes avec le m\u00eame professionnalisme et la m\u00eame rigueur.<\/b><\/p>\n<p>&nbsp;<\/p>\n<p>Notre r\u00e9activit\u00e9 et savoir faire nous permet de travailler avec des entreprises d'envergure internationale.<\/p>\n<p>Nous travaillons tant en proximit\u00e9 (contact avec le client) qu'en distance.<\/p>\n<p>Nous \u00e9tablissons les devis gratuitement.<\/p>\n<p>Nous exp\u00e9dions les produits mat\u00e9riels au del\u00e0 du national.<\/p>\n<\/div>\n<\/div>\n<\/div>\n<\/div>\n<\/div><\/div>\n<\/div>\n<\/div>\n<\/div>\n\n<div class=\"et_pb_section_1 et_pb_section et_section_regular et_block_section\">\n<div class=\"et_pb_row_2 et_pb_row et_pb_row_4col et_pb_gutters2 et_block_row et_block_row_4col\">\n<div class=\"et_pb_column_2 et_pb_column et_pb_column_1_4 et_block_column et_pb_css_mix_blend_mode_passthrough\">\n<div class=\"et_pb_image_0 et_pb_image et_pb_module et_block_module\"><span class=\"et_pb_image_wrap\"><img loading=\"lazy\" decoding=\"async\" src=\"https:\/\/tousabloc-medias.fr\/wp-content\/uploads\/2026\/01\/logo_03-dark.png\" width=\"226\" height=\"100\" srcset=\"https:\/\/tousabloc-medias.fr\/wp-content\/uploads\/2026\/01\/logo_03-dark.png 226w\" sizes=\"(max-width: 226px) 100vw, 226px\" class=\"wp-image-49\" title=\"logo_03-dark\" \/><\/span><\/div>\n<\/div>\n\n<div class=\"et_pb_column_3 et_pb_column et_pb_column_1_4 et_block_column et_pb_css_mix_blend_mode_passthrough\">\n<div class=\"et_pb_image_1 et_pb_image et_pb_module et_block_module\"><span class=\"et_pb_image_wrap\"><img loading=\"lazy\" decoding=\"async\" src=\"https:\/\/tousabloc-medias.fr\/wp-content\/uploads\/2026\/01\/logo_08-dark.png\" width=\"226\" height=\"100\" srcset=\"https:\/\/tousabloc-medias.fr\/wp-content\/uploads\/2026\/01\/logo_08-dark.png 226w\" sizes=\"(max-width: 226px) 100vw, 226px\" class=\"wp-image-50\" title=\"logo_08-dark\" \/><\/span><\/div>\n<\/div>\n\n<div class=\"et_pb_column_4 et_pb_column et_pb_column_1_4 et_block_column et_pb_css_mix_blend_mode_passthrough\">\n<div class=\"et_pb_image_2 et_pb_image et_pb_module et_block_module\"><span class=\"et_pb_image_wrap\"><img loading=\"lazy\" decoding=\"async\" src=\"https:\/\/tousabloc-medias.fr\/wp-content\/uploads\/2026\/01\/logo_05-dark.png\" width=\"226\" height=\"100\" srcset=\"https:\/\/tousabloc-medias.fr\/wp-content\/uploads\/2026\/01\/logo_05-dark.png 226w\" sizes=\"(max-width: 226px) 100vw, 226px\" class=\"wp-image-51\" title=\"logo_05-dark\" \/><\/span><\/div>\n<\/div>\n\n<div class=\"et_pb_column_5 et_pb_column et_pb_column_1_4 et-last-child et_block_column et_pb_css_mix_blend_mode_passthrough\">\n<div class=\"et_pb_image_3 et_pb_image et_pb_module et_block_module\"><span class=\"et_pb_image_wrap\"><img loading=\"lazy\" decoding=\"async\" src=\"https:\/\/tousabloc-medias.fr\/wp-content\/uploads\/2026\/01\/logo_02-dark.png\" width=\"226\" height=\"100\" srcset=\"https:\/\/tousabloc-medias.fr\/wp-content\/uploads\/2026\/01\/logo_02-dark.png 226w\" sizes=\"(max-width: 226px) 100vw, 226px\" class=\"wp-image-52\" title=\"logo_02-dark\" \/><\/span><\/div>\n<\/div>\n<\/div>\n<\/div>\n\n<div class=\"et_pb_section_2 et_pb_section et_section_regular et_block_section preset--module--divi-section--362ada36-891f-4be2-b115-0ee19aadf10c\">\n<div class=\"et_pb_row_3 et_pb_row et_block_row\">\n<div class=\"et_pb_column_6 et_pb_column et_pb_column_4_4 et-last-child et_block_column et_pb_css_mix_blend_mode_passthrough\">\n<div class=\"et_pb_heading_0 et_pb_heading et_pb_module et_block_module preset--module--divi-heading--2eaa1252-fdfd-4d72-a52a-8e4c2a13c028\"><div class=\"et_pb_heading_container\"><h4 class=\"et_pb_module_header\">Comp\u00e9tence et expertise<\/h4><\/div><\/div>\n<\/div>\n<\/div>\n\n<div class=\"et_pb_row_4 et_pb_row et_block_row\">\n<div class=\"et_pb_column_7 et_pb_column et_pb_column_1_2 et_block_column et_pb_css_mix_blend_mode_passthrough\">\n<div class=\"et_pb_heading_1 et_pb_heading et_pb_module et_block_module preset--module--divi-heading--23e843ac-c094-4b39-a5f7-5e8e40943721\"><div class=\"et_pb_heading_container\"><h2 class=\"et_pb_module_header\">L'expertise derriere chaque\u00a0projet r\u00e9alis\u00e9<\/h2><\/div><\/div>\n\n<div class=\"et_pb_module et_pb_button_module_wrapper et_pb_button_0_wrapper preset--module--divi-button--cfe02b96-1e49-45ba-a258-ce4f039bdea4_wrapper\"><a class=\"et_pb_button_0 et_pb_button et_pb_bg_layout_light et_pb_module et_block_module preset--module--divi-button--cfe02b96-1e49-45ba-a258-ce4f039bdea4\" href=\"\">Learn More<\/a><\/div>\n<\/div>\n\n<div class=\"et_pb_column_8 et_pb_column et_pb_column_1_2 et-last-child et_block_column et_pb_css_mix_blend_mode_passthrough\">\n<div class=\"et_pb_blurb_0 et_pb_blurb et_pb_bg_layout_dark et_pb_blurb_position_left et_pb_module et_block_module preset--module--divi-blurb--b8ea676a-bda4-461b-8fe0-8f1979a72473\"><div class=\"et_pb_blurb_content\"><div class=\"et_pb_blurb_container\"><h4 class=\"et_pb_module_header\">L'exp\u00e9rience utilisateur<\/h4><div class=\"et_pb_blurb_description\"><p>Cr\u00e9er des exp\u00e9riences utilisateur intuitives et engageantes est au c\u0153ur de nos pr\u00e9ocupations.<br \/>Nous nous sp\u00e9cialisons dans la recherche des besoins des utilisateurs, ainsi que le d\u00e9veloppement de prototypes et la conception de parcours utilisateur qui correspondent aux objectifs de l'entreprise.<\/p>\n<\/div><\/div><\/div><\/div>\n\n<div class=\"et_pb_blurb_1 et_pb_blurb et_pb_bg_layout_dark et_pb_blurb_position_left et_pb_module et_block_module preset--module--divi-blurb--b8ea676a-bda4-461b-8fe0-8f1979a72473\"><div class=\"et_pb_blurb_content\"><div class=\"et_pb_blurb_container\"><h4 class=\"et_pb_module_header\">D\u00e9veloppement Web Front-End<\/h4><div class=\"et_pb_blurb_description\"><p>Avec une connaissance du code HTML, du CSS et des principes de conception r\u00e9active, nous donnons vie aux conceptions adapt\u00e9es \u00e0 l'attente du client. Nos r\u00e9alisations portent tant sur des sites web d'une seule page que des sites Web plus complexes, tous rapides, \u00e9volutifs et optimis\u00e9s pour le r\u00e9f\u00e9rencement.<\/p>\n<\/div><\/div><\/div><\/div>\n\n<div class=\"et_pb_blurb_2 et_pb_blurb et_pb_bg_layout_dark et_pb_blurb_position_left et_pb_module et_block_module preset--module--divi-blurb--b8ea676a-bda4-461b-8fe0-8f1979a72473\"><div class=\"et_pb_blurb_content\"><div class=\"et_pb_blurb_container\"><h4 class=\"et_pb_module_header\">Identit\u00e9 de marque et design visuel<\/h4><div class=\"et_pb_blurb_description\"><p>Que notre intervention soit dans le domaine du web, de l'imprimerie, de l'impression 3D, de la gravure laser ou du domaine photo&amp;vid\u00e9o 360\u00b0, nous respectons et concevons l'identit\u00e9 de marque et la coh\u00e9rence entre les m\u00e9dias num\u00e9riques et mat\u00e9riels.<\/p>\n<\/div><\/div><\/div><\/div>\n<\/div>\n<\/div>\n<\/div>","protected":false},"excerpt":{"rendered":"","protected":false},"author":1,"featured_media":0,"parent":0,"menu_order":0,"comment_status":"closed","ping_status":"closed","template":"","meta":{"footnotes":""},"class_list":["post-27","page","type-page","status-publish","hentry"],"yoast_head":"<!-- This site is optimized with the Yoast SEO plugin v27.3 - https:\/\/yoast.com\/product\/yoast-seo-wordpress\/ -->\n<title>A propos - TOUSABLOC-MEDIAS<\/title>\n<meta name=\"robots\" content=\"index, follow, max-snippet:-1, max-image-preview:large, max-video-preview:-1\" \/>\n<link rel=\"canonical\" href=\"https:\/\/tousabloc-medias.fr\/index.php\/a-propos\/\" \/>\n<meta property=\"og:locale\" content=\"fr_FR\" \/>\n<meta property=\"og:type\" content=\"article\" \/>\n<meta property=\"og:title\" content=\"A propos - TOUSABLOC-MEDIAS\" \/>\n<meta property=\"og:url\" content=\"https:\/\/tousabloc-medias.fr\/index.php\/a-propos\/\" \/>\n<meta property=\"og:site_name\" content=\"TOUSABLOC-MEDIAS\" \/>\n<meta property=\"article:modified_time\" content=\"2026-03-22T10:51:21+00:00\" \/>\n<meta name=\"twitter:card\" content=\"summary_large_image\" \/>\n<script type=\"application\/ld+json\" class=\"yoast-schema-graph\">{\"@context\":\"https:\\\/\\\/schema.org\",\"@graph\":[{\"@type\":\"WebPage\",\"@id\":\"https:\\\/\\\/tousabloc-medias.fr\\\/index.php\\\/a-propos\\\/\",\"url\":\"https:\\\/\\\/tousabloc-medias.fr\\\/index.php\\\/a-propos\\\/\",\"name\":\"A propos - TOUSABLOC-MEDIAS\",\"isPartOf\":{\"@id\":\"https:\\\/\\\/tousabloc-medias.fr\\\/#website\"},\"datePublished\":\"2026-01-28T21:05:20+00:00\",\"dateModified\":\"2026-03-22T10:51:21+00:00\",\"breadcrumb\":{\"@id\":\"https:\\\/\\\/tousabloc-medias.fr\\\/index.php\\\/a-propos\\\/#breadcrumb\"},\"inLanguage\":\"fr-FR\",\"potentialAction\":[{\"@type\":\"ReadAction\",\"target\":[\"https:\\\/\\\/tousabloc-medias.fr\\\/index.php\\\/a-propos\\\/\"]}]},{\"@type\":\"BreadcrumbList\",\"@id\":\"https:\\\/\\\/tousabloc-medias.fr\\\/index.php\\\/a-propos\\\/#breadcrumb\",\"itemListElement\":[{\"@type\":\"ListItem\",\"position\":1,\"name\":\"Accueil\",\"item\":\"https:\\\/\\\/tousabloc-medias.fr\\\/\"},{\"@type\":\"ListItem\",\"position\":2,\"name\":\"A propos\"}]},{\"@type\":\"WebSite\",\"@id\":\"https:\\\/\\\/tousabloc-medias.fr\\\/#website\",\"url\":\"https:\\\/\\\/tousabloc-medias.fr\\\/\",\"name\":\"TOUSABLOC-MEDIAS\",\"description\":\"Agence Web, Print, Mod\u00e9lisation et impression 3D, gravure laser\",\"potentialAction\":[{\"@type\":\"SearchAction\",\"target\":{\"@type\":\"EntryPoint\",\"urlTemplate\":\"https:\\\/\\\/tousabloc-medias.fr\\\/?s={search_term_string}\"},\"query-input\":{\"@type\":\"PropertyValueSpecification\",\"valueRequired\":true,\"valueName\":\"search_term_string\"}}],\"inLanguage\":\"fr-FR\"}]}<\/script>\n<!-- \/ Yoast SEO plugin. -->","yoast_head_json":{"title":"A propos - TOUSABLOC-MEDIAS","robots":{"index":"index","follow":"follow","max-snippet":"max-snippet:-1","max-image-preview":"max-image-preview:large","max-video-preview":"max-video-preview:-1"},"canonical":"https:\/\/tousabloc-medias.fr\/index.php\/a-propos\/","og_locale":"fr_FR","og_type":"article","og_title":"A propos - TOUSABLOC-MEDIAS","og_url":"https:\/\/tousabloc-medias.fr\/index.php\/a-propos\/","og_site_name":"TOUSABLOC-MEDIAS","article_modified_time":"2026-03-22T10:51:21+00:00","twitter_card":"summary_large_image","schema":{"@context":"https:\/\/schema.org","@graph":[{"@type":"WebPage","@id":"https:\/\/tousabloc-medias.fr\/index.php\/a-propos\/","url":"https:\/\/tousabloc-medias.fr\/index.php\/a-propos\/","name":"A propos - TOUSABLOC-MEDIAS","isPartOf":{"@id":"https:\/\/tousabloc-medias.fr\/#website"},"datePublished":"2026-01-28T21:05:20+00:00","dateModified":"2026-03-22T10:51:21+00:00","breadcrumb":{"@id":"https:\/\/tousabloc-medias.fr\/index.php\/a-propos\/#breadcrumb"},"inLanguage":"fr-FR","potentialAction":[{"@type":"ReadAction","target":["https:\/\/tousabloc-medias.fr\/index.php\/a-propos\/"]}]},{"@type":"BreadcrumbList","@id":"https:\/\/tousabloc-medias.fr\/index.php\/a-propos\/#breadcrumb","itemListElement":[{"@type":"ListItem","position":1,"name":"Accueil","item":"https:\/\/tousabloc-medias.fr\/"},{"@type":"ListItem","position":2,"name":"A propos"}]},{"@type":"WebSite","@id":"https:\/\/tousabloc-medias.fr\/#website","url":"https:\/\/tousabloc-medias.fr\/","name":"TOUSABLOC-MEDIAS","description":"Agence Web, Print, Mod\u00e9lisation et impression 3D, gravure laser","potentialAction":[{"@type":"SearchAction","target":{"@type":"EntryPoint","urlTemplate":"https:\/\/tousabloc-medias.fr\/?s={search_term_string}"},"query-input":{"@type":"PropertyValueSpecification","valueRequired":true,"valueName":"search_term_string"}}],"inLanguage":"fr-FR"}]}},"_links":{"self":[{"href":"https:\/\/tousabloc-medias.fr\/index.php\/wp-json\/wp\/v2\/pages\/27","targetHints":{"allow":["GET"]}}],"collection":[{"href":"https:\/\/tousabloc-medias.fr\/index.php\/wp-json\/wp\/v2\/pages"}],"about":[{"href":"https:\/\/tousabloc-medias.fr\/index.php\/wp-json\/wp\/v2\/types\/page"}],"author":[{"embeddable":true,"href":"https:\/\/tousabloc-medias.fr\/index.php\/wp-json\/wp\/v2\/users\/1"}],"replies":[{"embeddable":true,"href":"https:\/\/tousabloc-medias.fr\/index.php\/wp-json\/wp\/v2\/comments?post=27"}],"version-history":[{"count":10,"href":"https:\/\/tousabloc-medias.fr\/index.php\/wp-json\/wp\/v2\/pages\/27\/revisions"}],"predecessor-version":[{"id":377,"href":"https:\/\/tousabloc-medias.fr\/index.php\/wp-json\/wp\/v2\/pages\/27\/revisions\/377"}],"wp:attachment":[{"href":"https:\/\/tousabloc-medias.fr\/index.php\/wp-json\/wp\/v2\/media?parent=27"}],"curies":[{"name":"wp","href":"https:\/\/api.w.org\/{rel}","templated":true}]}}