{"id":3,"date":"2026-03-22T00:00:13","date_gmt":"2026-03-22T00:00:13","guid":{"rendered":"https:\/\/tousabloc-medias.fr\/?page_id=3"},"modified":"2026-03-22T06:59:46","modified_gmt":"2026-03-22T06:59:46","slug":"politique-de-confidentialite","status":"publish","type":"page","link":"https:\/\/tousabloc-medias.fr\/index.php\/politique-de-confidentialite\/","title":{"rendered":"Politique de confidentialit\u00e9"},"content":{"rendered":"<div class=\"et_pb_section_0 et_pb_section et_section_regular et_block_section\">\n<div class=\"et_pb_row_0 et_pb_row et_block_row\">\n<div class=\"et_pb_column_0 et_pb_column et_pb_column_4_4 et-last-child et_block_column et_pb_css_mix_blend_mode_passthrough\">\n<div class=\"et_pb_text_0 et_pb_text et_pb_bg_layout_light et_pb_module et_flex_module\"><div class=\"et_pb_text_inner\"><p style=\"text-align: center;\"><strong>POLITIQUE DE CONFIDENTIALIT\u00c9<\/strong><\/p>\n<p>Cette Politique de confidentialit\u00e9 d\u00e9crit nos r\u00e8gles concernant la gestion, le traitement et le stockage<\/p>\n<p>des donn\u00e9es personnelles. Le terme \u00ab donn\u00e9es personnelles \u00bb d\u00e9signe les informations relatives \u00e0 une personne physique identifi\u00e9e ou qui peut \u00eatre identifi\u00e9e..<\/p>\n<p>Concernant le consentement, en collaborant avec nous, vous convenez et acceptez que tousabloc-medias.fr puisse recueillir, traiter, stocker et\/ou utiliser les donn\u00e9es personnelles soumises en conformit\u00e9 avec les r\u00e8gles expos\u00e9es ci-apr\u00e8s.<\/p>\n<p>En nous donnant votre consentement, vous conservez \u00e9galement le droit de rectification, le droit \u00e0<\/p>\n<p>l\u2019oubli et\/ou le droit \u00e0 la suppression de vos donn\u00e9es personnelles.<\/p>\n<p>\u00a0<\/p>\n<p><strong>DONN\u00c9ES PERSONNELLES COLLECT\u00c9ES<\/strong><\/p>\n<ul>\n<li><strong>Coordonn\u00e9es du responsable de traitement de donn\u00e9es<\/strong><\/li>\n<\/ul>\n<p>TOUSABLOC-MEDIAS - 20 Bd du Docteur Roux \u2013 06440 L\u2019ESCARENE<\/p>\n<p>Site : https:\/\/tousabloc-medias.fr<\/p>\n<p>SIRET : 800\u00a0902\u00a0447 00013 \u2014 APE : 6201Z<\/p>\n<p>Contact : <a href=\"mailto:contact@tousabloc-medias.fr\">contact@tousabloc-medias.fr<\/a><\/p>\n<p>\u00a0<\/p>\n<ul>\n<li><strong> DONN\u00c9ES COLLECT\u00c9ES SUR NOS CLIENTS :<\/strong><\/li>\n<li><strong>Informations sur ces donn\u00e9es<\/strong><\/li>\n<\/ul>\n<p>Lorsque vous collaborez avec nous, les donn\u00e9es suivantes peuvent \u00e9ventuellement \u00eatre collect\u00e9es et trait\u00e9es : email, civilit\u00e9, pr\u00e9nom, nom, pays, mot de passe, adresse postale, num\u00e9ro de t\u00e9l\u00e9phone, adresse(s) IP et nom de domaine.<\/p>\n<p>En utilisant nos services, les donn\u00e9es suivantes sont collect\u00e9es et trait\u00e9es :<\/p>\n<ul>\n<li>Donn\u00e9es de connexion et donn\u00e9es de navigation lorsque vous l\u2019autorisez, e-mail, Nom, Pr\u00e9nom, d\u00e9tail de votre demande formul\u00e9e par e-mail\u00a0;<\/li>\n<li>Certaines donn\u00e9es sont collect\u00e9es automatiquement du fait de vos actions sur le site (voir le<\/li>\n<\/ul>\n<p>paragraphe relatif aux cookies ci-dessous).<\/p>\n<p>Les donn\u00e9es que nous collectons nous permettent de fournir, g\u00e9rer et am\u00e9liorer nos services, d\u2019en d\u00e9velopper de nouveaux.<\/p>\n<p>Les donn\u00e9es soumises ne doivent pas inclure de donn\u00e9es personnelles sensibles, du type\u00a0 d\u2019identifiants gouvernementaux (comme le num\u00e9ro de s\u00e9curit\u00e9 sociale, de permis de conduire, ou les num\u00e9ros d\u2019identification de contribuable), num\u00e9ros complets de carte de cr\u00e9dit ou de compte\u00a0 bancaire personnel, dossiers m\u00e9dicaux ou informations relatives \u00e0 des demandes de soins associ\u00e9es \u00e0 des personnes, mots de passe, \u2026<\/p>\n<ul>\n<li><strong> Finalit\u00e9s des traitements et base juridique<\/strong><\/li>\n<\/ul>\n<p>L\u2019objectif principal de la collecte de vos donn\u00e9es personnelles est de vous offrir une collaboration s\u00fbre, optimale, efficace et personnalis\u00e9e. \u00c0 cette fin, vous acceptez que nous puissions utiliser vos donn\u00e9es personnelles pour :<\/p>\n<ul>\n<li>fournir un devis ;<\/li>\n<li>fournir une facture ;<\/li>\n<li>g\u00e9rer notre base de donn\u00e9es client ;<\/li>\n<li>honorer nos prestations, nos services et en faciliter le fonctionnement\u00a0;<\/li>\n<li>r\u00e9soudre les \u00e9ventuels probl\u00e8mes afin d\u2019am\u00e9liorer l\u2019utilisation du site et de nos services ;<\/li>\n<li>vous informer sur nos prestations et services ;<\/li>\n<li>respecter nos obligations l\u00e9gales et r\u00e9glementaires.<\/li>\n<\/ul>\n<p>Nous utilisons les donn\u00e9es personnelles qui nous sont soumises uniquement en accord avec la l\u00e9gislation en vigueur sur la protection des donn\u00e9es. Nos prestataires sont dans l\u2019obligation de respecter la confidentialit\u00e9 des donn\u00e9es.<\/p>\n<p>\u00a0<\/p>\n<p>Que peut contenir le formulaire de contact ?<\/p>\n<p>Des informations \u00e0 caract\u00e8re personnel telles que : soci\u00e9t\u00e9, adresse mail, nom, pr\u00e9nom.<\/p>\n<p>Dans ces formulaires de contact, tousabloc-medias.fr s\u2019engage \u00e0 ne demander que les informations n\u00e9cessaires \u00e0 l\u2019acc\u00e8s au service propos\u00e9 et associ\u00e9 \u00e0 un r\u00e9el b\u00e9n\u00e9fice utilisateurs.<\/p>\n<ul>\n<li>Destinataires de ces donn\u00e9es<\/li>\n<\/ul>\n<p>Les donn\u00e9es personnelles vous concernant sont destin\u00e9es pour la propre utilisation par tousabloc-medias.fr et peuvent \u00eatre transmises aux soci\u00e9t\u00e9s sous-traitantes auxquelles tousabloc-medias.fr peut faire appel dans le cadre de l\u2019ex\u00e9cution d\u2019autres services tels que list\u00e9s dans le paragraphe nomm\u00e9 sous-traitants.<\/p>\n<p>tousabloc-medias.fr assure, dans la limite de ses moyens, la conformit\u00e9 avec les exigences de protection des donn\u00e9es pour toutes ses soci\u00e9t\u00e9s sous-traitantes.<\/p>\n<p>tousabloc-medias.fr ne vend ni ne loue vos donn\u00e9es personnelles \u00e0 des tiers \u00e0 des fins de marketing.<\/p>\n<ul>\n<li>Droits \u00e0 la protection des donn\u00e9es<\/li>\n<\/ul>\n<p>Conform\u00e9ment \u00e0 la loi Informatique et Libert\u00e9s du 6 janvier 1978 modifi\u00e9e et le R\u00e8glement Europ\u00e9en<\/p>\n<p>G\u00e9n\u00e9ral sur la Protection des Donn\u00e9es 2016\/679 (RGPD), vous disposez des droits d\u2019acc\u00e8s, de<\/p>\n<p>rectification et de suppression des donn\u00e9es personnelles vous concernant que vous pouvez exercer<\/p>\n<p>en nous envoyant mail \u00e0 contact@ tousabloc-medias.fr.<\/p>\n<p>Vos requ\u00eates seront trait\u00e9es dans les meilleurs d\u00e9lais. Nous pouvons vous demander \u00e0 ce que votre demande soit accompagn\u00e9e d\u2019une copie de preuve d\u2019identit\u00e9 ou d\u2019autorit\u00e9.<\/p>\n<p>\u00a0<\/p>\n<ul>\n<li><strong> DONN\u00c9ES COLLECT\u00c9ES SUR LES VISITEURS DES SITES DONT NOUS SOMMES CO-TRAITANTS :<\/strong><\/li>\n<\/ul>\n<p>Les donn\u00e9es sont stock\u00e9es sur des serveurs s\u00e9curis\u00e9s et seul un nombre restreint de personnes autoris\u00e9es peuvent avoir acc\u00e8s \u00e0 vos donn\u00e9es, notamment \u00e0 des fins maintenances, d\u2019intervention<\/p>\n<p>technique etc.<\/p>\n<p>Les \u00e9diteurs de site web restent responsables du traitement au sens du RGPD et tousabloc-medias.fr n\u2019agit ici qu\u2019en prestataire de services.<\/p>\n<p>\u00c0 ce titre, il appartient notamment \u00e0 ces \u00e9diteurs de :<\/p>\n<ul>\n<li>proc\u00e9der \u00e0 toutes les d\u00e9clarations n\u00e9cessaires aupr\u00e8s de la CNIL ou autre autorit\u00e9 de contr\u00f4le<\/li>\n<li>se conformer \u00e0 toute r\u00e9glementation en vigueur<\/li>\n<li>recueillir le consentement explicite des personnes concern\u00e9es lors de la collecte de leurs<\/li>\n<\/ul>\n<p>donn\u00e9es personnelles<\/p>\n<ul>\n<li>s\u2019assurer que disposez de l\u2019autorisation d\u2019utiliser les donn\u00e9es personnelles collect\u00e9es<\/li>\n<\/ul>\n<p>conform\u00e9ment aux finalit\u00e9s recherch\u00e9es et s\u2019abstenir de toute utilisation non autoris\u00e9e.<\/p>\n<ul>\n<li>Newsletters et emails marketing (\u00e9ventuellement)<\/li>\n<\/ul>\n<p>Si vous souscrivez \u00e0 la newsletter d\u2019un de ces sites web, votre adresse email sera utilis\u00e9e pour vous envoyer des lettres d\u2019information r\u00e9guli\u00e8res. Vous pouvez vous d\u00e9sinscrire de ce service \u00e0 tout moment en cliquant sur le lien pr\u00e9sent dans le mail de la newsletter du site du co-traitant.<\/p>\n<ul>\n<li>Tracking des sites web<\/li>\n<\/ul>\n<p>Sans que cela soit syst\u00e9matique, tousabloc-medias.fr peut utiliser le service Google Analytics, propos\u00e9 par Google inc. \u00a0Au moyen de fichiers textes appel\u00e9s cookies qui sont enregistr\u00e9s sur votre ordinateur, les donn\u00e9es relatives \u00e0 votre navigation ou votre achat sont enregistr\u00e9es. Ces informations ainsi que votre adresse IP sont transmises \u00e0 un serveur Google qui les enregistre aux \u00c9tats-Unis. Google respecte les normes de protection des donn\u00e9es du programme du minist\u00e8re am\u00e9ricain du Commerce (\u00ab Safe Harbor Principles \u00bb). Google utilise ces informations afin de nous fournir des comptages et analyses sur les visites du site et des services s\u2019y rapportant. Google communique ces informations \u00e0 des tiers si cela est l\u00e9gal. Si Google d\u00e9l\u00e8gue \u00e0 des tiers l\u2019analyse de ces donn\u00e9es, cela se fait sans lien avec votre adresse IP. Le param\u00e9trage de votre navigateur permet de ne pas autoriser l\u2019utilisation des cookies.<\/p>\n<p>En utilisant le site tousabloc-medias.fr, vous acceptez le traitement des donn\u00e9es par Google tel que<\/p>\n<p>d\u00e9taill\u00e9 ci-avant.<\/p>\n<p>Dans le cas de r\u00e9seaux sociaux :<\/p>\n<p>tousabloc-medias.fr peut utiliser des plug-ins et\/ou liens vers des r\u00e9seaux sociaux.<\/p>\n<p>Lors de l\u2019acc\u00e8s \u00e0 une page de nos sites comportant ce type de lien et\/ou plug-ins, leur contenu est transmis par votre navigateur au r\u00e9seaux sociaux.<\/p>\n<p>Si vous n\u2019\u00eates pas connect\u00e9 au r\u00e9seaux sociaux ou que vous n\u2019avez pas de compte, seule votre<\/p>\n<p>adresse IP est transmise \u00e0 un serveur de r\u00e9seaux sociaux qui l\u2019enregistre.<\/p>\n<p>Si vous \u00eates connect\u00e9 \u00a0aux r\u00e9seaux sociaux, les interactions que vous r\u00e9aliserez via les plug-ins (ex. : clic sur \u00ab j\u2019aime \u00bb) seront transmises et publi\u00e9es sur votre compte utilisateur. Si vous ne le<\/p>\n<p>souhaitez pas, il vous suffit de ne pas \u00eatre connect\u00e9 \u00e0 Facebook lors de votre visite.<\/p>\n<p>Pour plus d\u2019informations sur la collecte des donn\u00e9es les diff\u00e9rents r\u00e9seaux sociaux concernant la protection de vos donn\u00e9es, consultez la politique de protection des donn\u00e9es des sites en question.<\/p>\n<ul>\n<li>Cookies<\/li>\n<\/ul>\n<p>En r\u00e8gle g\u00e9n\u00e9rale, tousabloc-medias.fr utilise les cookies aux fins d\u2019am\u00e9liorer et personnaliser votre navigation sur le site et\/ou en mesurer l\u2019audience. Les cookies sont des fichiers enregistr\u00e9s sur le disque dur de votre ordinateur lors de votre navigation sur Internet et notamment sur le site. Un cookie ne sert pas \u00e0 recueillir des donn\u00e9es personnelles \u00e0 votre insu, mais \u00e0 enregistrer des informations relatives \u00e0 votre navigation sur le site qui pourra \u00eatre directement lu par un service externe lors de vos visites et requ\u00eates ult\u00e9rieures sur le site.<\/p>\n<p>Si vous choisissez de refuser l\u2019ensemble des cookies, votre navigation pourra \u00eatre r\u00e9duite pour acc\u00e9der \u00e0 certaines pages du site. Les cookies utilis\u00e9s par tousabloc-medias.fr ont pour finalit\u00e9 de permettre ou faciliter la communication, de permettre la fourniture des services demand\u00e9s par les utilisateurs, de reconna\u00eetre les utilisateurs lors d\u2019une prochaine visite, de s\u00e9curiser les paiements que les utilisateurs peuvent \u00eatre amen\u00e9s \u00e0 r\u00e9aliser et de permettre \u00e0 tousabloc-medias.fr, en interne, de proc\u00e9der \u00e0 des analyses de fr\u00e9quentation ou d\u2019exp\u00e9rience de navigation de nos clients des pages d\u2019information du site afin d\u2019en am\u00e9liorer le contenu, d\u2019effectuer un suivi des taux d\u2019ouverture, des taux de clics et des taux de rebond au niveau individuel.<\/p>\n<p>Par d\u00e9faut, les cookies ne sont pas automatiquement install\u00e9s (\u00e0 l\u2019exception des cookies n\u00e9cessaires<\/p>\n<p>au fonctionnement du site de tousabloc-medias.fr, dont l\u2019installation vous est signal\u00e9e par un bandeau).<\/p>\n<p>Conform\u00e9ment \u00e0 la r\u00e9glementation applicable, tousabloc-medias.fr requerra votre autorisation avant d\u2019installer tout autre type de cookies sur votre disque dur. Afin d\u2019\u00e9viter toute g\u00eane occasionn\u00e9e par ces demandes d\u2019autorisation syst\u00e9matiques et profiter d\u2019une navigation ininterrompue, vous pouvez<\/p>\n<p>configurer votre ordinateur afin d\u2019accepter les cookies de tousabloc-medias.fr o\u00f9 nous pouvons m\u00e9moriser votre refus ou acceptation relatif \u00e0 certains cookies. Par d\u00e9faut les navigateurs acceptent tous les cookies.<\/p>\n<p>\u00a0<\/p>\n<p><strong>SOUS-TRAITANTS<\/strong><\/p>\n<p>tousabloc-medias.fr est amen\u00e9 \u00e0 transf\u00e9rer des donn\u00e9es personnelles de ses clients \u00e0 des sous-traitants pour les finalit\u00e9s suivantes : l\u2019h\u00e9bergement de site web, la gestion de mot de passe, la comptabilit\u00e9, l\u2019envoi de mail, l\u2019analyse statistique, la location de nom de domaine, l\u2019accompagnement marketing digital, la gestion de facture, la gestion des devis, la r\u00e9alisation et\/ou livraison de vos commandes.<\/p>\n<p><strong>CONSERVATION DES DONN\u00c9ES<\/strong><\/p>\n<p>tousabloc-medias.fr collecte vos donn\u00e9es personnelles pour les besoins de l\u2019ex\u00e9cution de ses obligations contractuelles et conserve ces donn\u00e9es ou d\u2019autres types de fichiers tels que des fichiers papiers.<\/p>\n<p>N\u00e9anmoins, tousabloc-medias.fr s\u2019engage \u00e0 ne pas stocker ind\u00e9finiment ces donn\u00e9es.<\/p>\n<p><strong>LIEU DE STOCKAGE DES DONN\u00c9ES ET TRANSFERTS<\/strong><\/p>\n<p>Les serveurs d\u2019h\u00e9bergement sur lesquels tousabloc-medias.fr traite et stocke les bases de donn\u00e9es sont exclusivement situ\u00e9es au sein de l\u2019Union europ\u00e9enne (en France). Nous avons<\/p>\n<p>comme sous-traitant l\u2019h\u00e9bergeur OVH.<\/p>\n<p>S\u00c9CURIT\u00c9<\/p>\n<p>Dans le cadre de ses services, tousabloc-medias.fr accorde la plus haute importance \u00e0 la s\u00e9curit\u00e9 et \u00e0 l\u2019int\u00e9grit\u00e9 des donn\u00e9es personnelles de ses clients.<\/p>\n<p>Ainsi et conform\u00e9ment au RGPD, tousabloc-medias.fr s\u2019engage \u00e0 prendre toutes pr\u00e9cautions utiles afin de pr\u00e9server la s\u00e9curit\u00e9 des donn\u00e9es et notamment de les prot\u00e9ger contre toute destruction accidentelle ou illicite, perte accidentelle, alt\u00e9ration, diffusion ou acc\u00e8s non autoris\u00e9s, ainsi que contre toute autre forme de traitement illicite ou communication \u00e0 des personnes non autoris\u00e9es.<\/p>\n<p>\u00c0 cette fin, tousabloc-medias.fr met en \u0153uvre les mesures de s\u00e9curit\u00e9 standard pour prot\u00e9ger les donn\u00e9es personnelles d\u2019une divulgation non autoris\u00e9e.<\/p>\n<p>Par ailleurs, afin d\u2019\u00e9viter notamment tout acc\u00e8s non autoris\u00e9, de garantir l\u2019exactitude et une bonne<\/p>\n<p>utilisation des donn\u00e9es, tousabloc-medias.fr a mis en place des proc\u00e9dures \u00e9lectroniques, physiques et d\u2019encadrement appropri\u00e9 en vue de sauvegarder et pr\u00e9server les donn\u00e9es recueillies \u00e0 travers ses<\/p>\n<p>services.<\/p>\n<p>Malgr\u00e9 tout, personne ne peut se consid\u00e9rer comme \u00e9tant compl\u00e8tement \u00e0 l\u2019abri d\u2019un acte malveillant. C\u2019est pourquoi dans le cas o\u00f9 une faille de s\u00e9curit\u00e9 venait \u00e0 impacter des donn\u00e9es vous<\/p>\n<p>concernant, tousabloc-medias.fr s\u2019engage \u00e0 vous en informer d\u00e8s que possible et \u00e0 faire ses meilleurs efforts pour prendre toutes les mesures possibles pour neutraliser l\u2019intrusion et en minimiser les impacts.<\/p>\n<p>MODIFICATION DE LA POLITIQUE DE CONFIDENTIALIT\u00c9<\/p>\n<p>tousabloc-medias.fr se r\u00e9serve le droit de faire \u00e9voluer la pr\u00e9sente politique de confidentialit\u00e9 \u00e0 tout moment, notamment en application des changements apport\u00e9s aux lois et r\u00e9glementations en vigueur. Nous vous recommandons de v\u00e9rifier ces r\u00e8gles r\u00e9guli\u00e8rement pour rester inform\u00e9 de nos proc\u00e9dures et r\u00e8gles concernant vos informations personnelles.<\/p>\n<p>\u00a0<\/p>\n<p>CONTACTEZ-NOUS<\/p>\n<p>Vous pouvez nous contacter par email \u00e0 contact@ tousabloc-medias.fr<\/p>\n<p>\u00a0<\/p>\n<p>Date de mise \u00e0 jour\u00a0: 31\/03\/2021<\/p>\n<\/div><\/div>\n<\/div>\n<\/div>\n<\/div>","protected":false},"excerpt":{"rendered":"","protected":false},"author":1,"featured_media":0,"parent":0,"menu_order":0,"comment_status":"closed","ping_status":"closed","template":"","meta":{"footnotes":""},"class_list":["post-3","page","type-page","status-publish","hentry"],"yoast_head":"<!-- This site is optimized with the Yoast SEO plugin v27.4 - https:\/\/yoast.com\/product\/yoast-seo-wordpress\/ -->\n<title>Politique de confidentialit\u00e9 - TOUSABLOC-MEDIAS<\/title>\n<meta name=\"robots\" content=\"index, follow, max-snippet:-1, max-image-preview:large, max-video-preview:-1\" \/>\n<link rel=\"canonical\" href=\"https:\/\/tousabloc-medias.fr\/index.php\/politique-de-confidentialite\/\" \/>\n<meta property=\"og:locale\" content=\"fr_FR\" \/>\n<meta property=\"og:type\" content=\"article\" \/>\n<meta property=\"og:title\" content=\"Politique de confidentialit\u00e9 - TOUSABLOC-MEDIAS\" \/>\n<meta property=\"og:url\" content=\"https:\/\/tousabloc-medias.fr\/index.php\/politique-de-confidentialite\/\" \/>\n<meta property=\"og:site_name\" content=\"TOUSABLOC-MEDIAS\" \/>\n<meta property=\"article:modified_time\" content=\"2026-03-22T06:59:46+00:00\" \/>\n<meta name=\"twitter:card\" content=\"summary_large_image\" \/>\n<script type=\"application\/ld+json\" class=\"yoast-schema-graph\">{\"@context\":\"https:\\\/\\\/schema.org\",\"@graph\":[{\"@type\":\"WebPage\",\"@id\":\"https:\\\/\\\/tousabloc-medias.fr\\\/index.php\\\/politique-de-confidentialite\\\/\",\"url\":\"https:\\\/\\\/tousabloc-medias.fr\\\/index.php\\\/politique-de-confidentialite\\\/\",\"name\":\"Politique de confidentialit\u00e9 - TOUSABLOC-MEDIAS\",\"isPartOf\":{\"@id\":\"https:\\\/\\\/tousabloc-medias.fr\\\/#website\"},\"datePublished\":\"2026-03-22T00:00:13+00:00\",\"dateModified\":\"2026-03-22T06:59:46+00:00\",\"breadcrumb\":{\"@id\":\"https:\\\/\\\/tousabloc-medias.fr\\\/index.php\\\/politique-de-confidentialite\\\/#breadcrumb\"},\"inLanguage\":\"fr-FR\",\"potentialAction\":[{\"@type\":\"ReadAction\",\"target\":[\"https:\\\/\\\/tousabloc-medias.fr\\\/index.php\\\/politique-de-confidentialite\\\/\"]}]},{\"@type\":\"BreadcrumbList\",\"@id\":\"https:\\\/\\\/tousabloc-medias.fr\\\/index.php\\\/politique-de-confidentialite\\\/#breadcrumb\",\"itemListElement\":[{\"@type\":\"ListItem\",\"position\":1,\"name\":\"Accueil\",\"item\":\"https:\\\/\\\/tousabloc-medias.fr\\\/\"},{\"@type\":\"ListItem\",\"position\":2,\"name\":\"Politique de confidentialit\u00e9\"}]},{\"@type\":\"WebSite\",\"@id\":\"https:\\\/\\\/tousabloc-medias.fr\\\/#website\",\"url\":\"https:\\\/\\\/tousabloc-medias.fr\\\/\",\"name\":\"TOUSABLOC-MEDIAS\",\"description\":\"Agence Web, Print, Mod\u00e9lisation et impression 3D, gravure laser\",\"potentialAction\":[{\"@type\":\"SearchAction\",\"target\":{\"@type\":\"EntryPoint\",\"urlTemplate\":\"https:\\\/\\\/tousabloc-medias.fr\\\/?s={search_term_string}\"},\"query-input\":{\"@type\":\"PropertyValueSpecification\",\"valueRequired\":true,\"valueName\":\"search_term_string\"}}],\"inLanguage\":\"fr-FR\"}]}<\/script>\n<!-- \/ Yoast SEO plugin. -->","yoast_head_json":{"title":"Politique de confidentialit\u00e9 - TOUSABLOC-MEDIAS","robots":{"index":"index","follow":"follow","max-snippet":"max-snippet:-1","max-image-preview":"max-image-preview:large","max-video-preview":"max-video-preview:-1"},"canonical":"https:\/\/tousabloc-medias.fr\/index.php\/politique-de-confidentialite\/","og_locale":"fr_FR","og_type":"article","og_title":"Politique de confidentialit\u00e9 - TOUSABLOC-MEDIAS","og_url":"https:\/\/tousabloc-medias.fr\/index.php\/politique-de-confidentialite\/","og_site_name":"TOUSABLOC-MEDIAS","article_modified_time":"2026-03-22T06:59:46+00:00","twitter_card":"summary_large_image","schema":{"@context":"https:\/\/schema.org","@graph":[{"@type":"WebPage","@id":"https:\/\/tousabloc-medias.fr\/index.php\/politique-de-confidentialite\/","url":"https:\/\/tousabloc-medias.fr\/index.php\/politique-de-confidentialite\/","name":"Politique de confidentialit\u00e9 - TOUSABLOC-MEDIAS","isPartOf":{"@id":"https:\/\/tousabloc-medias.fr\/#website"},"datePublished":"2026-03-22T00:00:13+00:00","dateModified":"2026-03-22T06:59:46+00:00","breadcrumb":{"@id":"https:\/\/tousabloc-medias.fr\/index.php\/politique-de-confidentialite\/#breadcrumb"},"inLanguage":"fr-FR","potentialAction":[{"@type":"ReadAction","target":["https:\/\/tousabloc-medias.fr\/index.php\/politique-de-confidentialite\/"]}]},{"@type":"BreadcrumbList","@id":"https:\/\/tousabloc-medias.fr\/index.php\/politique-de-confidentialite\/#breadcrumb","itemListElement":[{"@type":"ListItem","position":1,"name":"Accueil","item":"https:\/\/tousabloc-medias.fr\/"},{"@type":"ListItem","position":2,"name":"Politique de confidentialit\u00e9"}]},{"@type":"WebSite","@id":"https:\/\/tousabloc-medias.fr\/#website","url":"https:\/\/tousabloc-medias.fr\/","name":"TOUSABLOC-MEDIAS","description":"Agence Web, Print, Mod\u00e9lisation et impression 3D, gravure laser","potentialAction":[{"@type":"SearchAction","target":{"@type":"EntryPoint","urlTemplate":"https:\/\/tousabloc-medias.fr\/?s={search_term_string}"},"query-input":{"@type":"PropertyValueSpecification","valueRequired":true,"valueName":"search_term_string"}}],"inLanguage":"fr-FR"}]}},"_links":{"self":[{"href":"https:\/\/tousabloc-medias.fr\/index.php\/wp-json\/wp\/v2\/pages\/3","targetHints":{"allow":["GET"]}}],"collection":[{"href":"https:\/\/tousabloc-medias.fr\/index.php\/wp-json\/wp\/v2\/pages"}],"about":[{"href":"https:\/\/tousabloc-medias.fr\/index.php\/wp-json\/wp\/v2\/types\/page"}],"author":[{"embeddable":true,"href":"https:\/\/tousabloc-medias.fr\/index.php\/wp-json\/wp\/v2\/users\/1"}],"replies":[{"embeddable":true,"href":"https:\/\/tousabloc-medias.fr\/index.php\/wp-json\/wp\/v2\/comments?post=3"}],"version-history":[{"count":3,"href":"https:\/\/tousabloc-medias.fr\/index.php\/wp-json\/wp\/v2\/pages\/3\/revisions"}],"predecessor-version":[{"id":306,"href":"https:\/\/tousabloc-medias.fr\/index.php\/wp-json\/wp\/v2\/pages\/3\/revisions\/306"}],"wp:attachment":[{"href":"https:\/\/tousabloc-medias.fr\/index.php\/wp-json\/wp\/v2\/media?parent=3"}],"curies":[{"name":"wp","href":"https:\/\/api.w.org\/{rel}","templated":true}]}}