{"id":308,"date":"2026-03-22T07:01:46","date_gmt":"2026-03-22T07:01:46","guid":{"rendered":"https:\/\/tousabloc-medias.fr\/index.php\/mentions-lgales\/"},"modified":"2026-03-22T07:04:56","modified_gmt":"2026-03-22T07:04:56","slug":"mentions-lgales","status":"publish","type":"page","link":"https:\/\/tousabloc-medias.fr\/index.php\/mentions-lgales\/","title":{"rendered":"Mentions l\u00e9gales"},"content":{"rendered":"<div class=\"et_pb_section_0 et_pb_section et_section_regular et_block_section\">\n<div class=\"et_pb_row_0 et_pb_row et_block_row\">\n<div class=\"et_pb_column_0 et_pb_column et_pb_column_4_4 et-last-child et_block_column et_pb_css_mix_blend_mode_passthrough\">\n<div class=\"et_pb_text_0 et_pb_text et_pb_bg_layout_light et_pb_module et_flex_module\"><div class=\"et_pb_text_inner\"><p style=\"text-align: center;\"><strong>MENTIONS L\u00c9GALES<\/strong><\/p>\n<ul>\n<li><strong> \u00c9diteur :<\/strong><\/li>\n<\/ul>\n<p>TOUSABLOC-MEDIAS - 20 Bd du Docteur Roux \u2013 06440 L\u2019ESCARENE<\/p>\n<p>Site : https:\/\/tousabloc-medias.fr<\/p>\n<p>SIRET : 800\u00a0902\u00a0447 00013 \u2014 APE : 6201Z<\/p>\n<p>N\u00b0 de TVA intracommunautaire : FR 87800902447<\/p>\n<p>Contact : <a href=\"mailto:contact@tousabloc-medias.fr\">contact@tousabloc-medias.fr<\/a><\/p>\n<p>&nbsp;<\/p>\n<ul>\n<li><strong> H\u00e9bergeur :<\/strong><\/li>\n<\/ul>\n<p>OVH - 2 rue Kellermann \u2013 BP 80157 \u2013 59053 ROUBAIX Cedex 1 - France<\/p>\n<p>SAS au capital de 10\u00a0174\u00a0560 \u20acuros \u2014 R.C.S LILLE METROPOLE 424\u00a0761\u00a0419 00045<\/p>\n<p>N\u00b0 de TVA intracommunautaire :\u00a0 FR 22424761419<\/p>\n<p>&nbsp;<\/p>\n<ul>\n<li><strong> Donn\u00e9es personnelles :<\/strong><\/li>\n<\/ul>\n<p>En application de la loi n\u00b0 78-17 du 6 janvier 1978 relative \u00e0 l\u2019informatique, aux fichiers et aux libert\u00e9s, chaque internaute dispose des droits d\u2019opposition (article 38 de la loi), d\u2019acc\u00e8s (articles 39, 41 et 42 de la loi) et de rectification (article 40 de la loi) des donn\u00e9es le concernant. Ainsi, il peut exiger que soient rectifi\u00e9es, compl\u00e9t\u00e9es, clarifi\u00e9es, mises \u00e0 jour ou effac\u00e9es les informations le concernant qui sont inexactes, incompl\u00e8tes, \u00e9quivoques, p\u00e9rim\u00e9es, ou dont la collecte ou l\u2019utilisation, la communication ou la conservation est interdite.<\/p>\n<p>Chaque internaute peut exercer ces droits en \u00e9crivant par mail \u00e0 contact@tousabloc-medias.fr<\/p>\n<p>&nbsp;<\/p>\n<ul>\n<li><strong> Cr\u00e9dits :<\/strong><\/li>\n<\/ul>\n<p>TOUSABLOC-MEDIAS - 20 Bd du Docteur Roux \u2013 06440 L\u2019ESCARENE<\/p>\n<p>Site\u00a0: https:\/\/tousabloc-medias.fr<\/p>\n<p>SIRET : 800\u00a0902\u00a0447 00013 \u2014 APE : 6201Z<\/p>\n<p>Contact : contact@tousabloc-medias.fr<\/p>\n<p>&nbsp;<\/p>\n<ul>\n<li><strong> Politique de protection de donn\u00e9es personnelles\u00a0:<\/strong><\/li>\n<\/ul>\n<p>Les informations que tousabloc-medias est amen\u00e9 \u00e0 recueillir proviennent de leur communication volontaire.<\/p>\n<p>Le caract\u00e8re facultatif ou obligatoire des donn\u00e9es est indiqu\u00e9 sur chaque formulaire.<\/p>\n<p>Les adresses \u00e9lectroniques peuvent \u00eatre utilis\u00e9es afin de r\u00e9pondre \u00e0 vos besoins et vous transmettre des informations dans l\u2019envoi d\u2019une r\u00e9ponse \u00e0 un e-mail ou d\u2019une \u00e9ventuelle newsletter par exemple.<\/p>\n<p>Vous pourrez toutefois vous opposer \u00e0 la r\u00e9ception de ces courriels.<\/p>\n<p>Tousabloc-medias s\u2019engage \u00e0 ce que la collecte et le traitement de donn\u00e9es \u00e0 caract\u00e8re personnel, effectu\u00e9 \u00e0 partir du pr\u00e9sent site, soient conformes \u00e0 la loi n\u00b0 78-17 du 6 janvier 1978 modifi\u00e9e relative \u00e0 l\u2019informatique, aux fichiers et aux libert\u00e9s.<\/p>\n<p>Ainsi, sauf stipulation contraire directement mentionn\u00e9e sur le formulaire de saisie des donn\u00e9es, les adresses \u00e9lectroniques collect\u00e9es ne font l\u2019objet d\u2019aucune cession volontaire \u00e0 des tiers.<\/p>\n<p>Les informations personnelles recueillies sont conserv\u00e9es conform\u00e9ment aux r\u00e8gles prescrites par la<\/p>\n<p>loi de 1978 et pendant une dur\u00e9e justifi\u00e9e par la finalit\u00e9 de leur traitement. Les services tousabloc-medias disposent de moyens informatiques destin\u00e9s \u00e0 g\u00e9rer votre dossier, vos demandes ainsi que les prestations qui vous sont servies.<\/p>\n<p>Les informations enregistr\u00e9es sont r\u00e9serv\u00e9es \u00e0 l\u2019usage des services concern\u00e9s et ne peuvent \u00eatre communiqu\u00e9es qu\u2019au personnel de tousabloc-medias et aux destinataires habilit\u00e9s.<\/p>\n<p>Conform\u00e9ment aux articles 39 et suivants de la loi modifi\u00e9e n\u00b0 78-17 du 06 janvier 1978 relative \u00e0 l\u2019informatique, aux fichiers et aux libert\u00e9s, vous pouvez obtenir communication et, le cas \u00e9ch\u00e9ant, rectification ou suppression des informations. Vous pouvez \u00e9galement d\u00e9finir le sort de vos donn\u00e9es<\/p>\n<p>apr\u00e8s votre d\u00e9c\u00e8s.<\/p>\n<p>Conform\u00e9ment \u00e0 l\u2019article 38 de la loi modifi\u00e9e n\u00b0 78-17 du 06 janvier 1978 relative \u00e0 l\u2019informatique, aux fichiers et aux libert\u00e9s, vous pouvez \u00e9galement, pour des motifs l\u00e9gitimes, vous opposez au traitement des donn\u00e9es \u00e0 caract\u00e8re personnel vous concernant, sauf lorsque le traitement r\u00e9pond \u00e0 une obligation l\u00e9gale ou lorsque ce droit d\u2019opposition a \u00e9t\u00e9 \u00e9cart\u00e9 par une disposition expresse de l\u2019acte autorisant le traitement.<\/p>\n<p>Une copie des donn\u00e9es \u00e0 caract\u00e8re personnel vous concernant peut vous \u00eatre d\u00e9livr\u00e9e, \u00e0 votre demande et contre remboursement des co\u00fbts de reproduction de celle-ci. Toutefois, tousabloc-medias a la possibilit\u00e9 de s\u2019opposer aux demandes manifestement abusives, notamment par leur nombre, leur caract\u00e8re r\u00e9p\u00e9titif ou syst\u00e9matique.<\/p>\n<p>Les demandes d\u2019exercice du droit d\u2019acc\u00e8s, rectification, opposition et suppression peuvent \u00eatre formul\u00e9es par courriel : contact@ tousabloc-medias.fr<\/p>\n<p>&nbsp;<\/p>\n<p>Date de mise \u00e0 jour\u00a0: 31\/03\/2021<\/p>\n<\/div><\/div>\n<\/div>\n<\/div>\n<\/div>","protected":false},"excerpt":{"rendered":"","protected":false},"author":1,"featured_media":0,"parent":0,"menu_order":0,"comment_status":"closed","ping_status":"closed","template":"","meta":{"footnotes":""},"class_list":["post-308","page","type-page","status-publish","hentry"],"yoast_head":"<!-- This site is optimized with the Yoast SEO plugin v27.3 - https:\/\/yoast.com\/product\/yoast-seo-wordpress\/ -->\n<title>Mentions l\u00e9gales - TOUSABLOC-MEDIAS<\/title>\n<meta name=\"robots\" content=\"index, follow, max-snippet:-1, max-image-preview:large, max-video-preview:-1\" \/>\n<link rel=\"canonical\" href=\"https:\/\/tousabloc-medias.fr\/index.php\/mentions-lgales\/\" \/>\n<meta property=\"og:locale\" content=\"fr_FR\" \/>\n<meta property=\"og:type\" content=\"article\" \/>\n<meta property=\"og:title\" content=\"Mentions l\u00e9gales - TOUSABLOC-MEDIAS\" \/>\n<meta property=\"og:url\" content=\"https:\/\/tousabloc-medias.fr\/index.php\/mentions-lgales\/\" \/>\n<meta property=\"og:site_name\" content=\"TOUSABLOC-MEDIAS\" \/>\n<meta property=\"article:modified_time\" content=\"2026-03-22T07:04:56+00:00\" \/>\n<meta name=\"twitter:card\" content=\"summary_large_image\" \/>\n<script type=\"application\/ld+json\" class=\"yoast-schema-graph\">{\"@context\":\"https:\\\/\\\/schema.org\",\"@graph\":[{\"@type\":\"WebPage\",\"@id\":\"https:\\\/\\\/tousabloc-medias.fr\\\/index.php\\\/mentions-lgales\\\/\",\"url\":\"https:\\\/\\\/tousabloc-medias.fr\\\/index.php\\\/mentions-lgales\\\/\",\"name\":\"Mentions l\u00e9gales - TOUSABLOC-MEDIAS\",\"isPartOf\":{\"@id\":\"https:\\\/\\\/tousabloc-medias.fr\\\/#website\"},\"datePublished\":\"2026-03-22T07:01:46+00:00\",\"dateModified\":\"2026-03-22T07:04:56+00:00\",\"breadcrumb\":{\"@id\":\"https:\\\/\\\/tousabloc-medias.fr\\\/index.php\\\/mentions-lgales\\\/#breadcrumb\"},\"inLanguage\":\"fr-FR\",\"potentialAction\":[{\"@type\":\"ReadAction\",\"target\":[\"https:\\\/\\\/tousabloc-medias.fr\\\/index.php\\\/mentions-lgales\\\/\"]}]},{\"@type\":\"BreadcrumbList\",\"@id\":\"https:\\\/\\\/tousabloc-medias.fr\\\/index.php\\\/mentions-lgales\\\/#breadcrumb\",\"itemListElement\":[{\"@type\":\"ListItem\",\"position\":1,\"name\":\"Accueil\",\"item\":\"https:\\\/\\\/tousabloc-medias.fr\\\/\"},{\"@type\":\"ListItem\",\"position\":2,\"name\":\"Mentions l\u00e9gales\"}]},{\"@type\":\"WebSite\",\"@id\":\"https:\\\/\\\/tousabloc-medias.fr\\\/#website\",\"url\":\"https:\\\/\\\/tousabloc-medias.fr\\\/\",\"name\":\"TOUSABLOC-MEDIAS\",\"description\":\"Agence Web, Print, Mod\u00e9lisation et impression 3D, gravure laser\",\"potentialAction\":[{\"@type\":\"SearchAction\",\"target\":{\"@type\":\"EntryPoint\",\"urlTemplate\":\"https:\\\/\\\/tousabloc-medias.fr\\\/?s={search_term_string}\"},\"query-input\":{\"@type\":\"PropertyValueSpecification\",\"valueRequired\":true,\"valueName\":\"search_term_string\"}}],\"inLanguage\":\"fr-FR\"}]}<\/script>\n<!-- \/ Yoast SEO plugin. -->","yoast_head_json":{"title":"Mentions l\u00e9gales - TOUSABLOC-MEDIAS","robots":{"index":"index","follow":"follow","max-snippet":"max-snippet:-1","max-image-preview":"max-image-preview:large","max-video-preview":"max-video-preview:-1"},"canonical":"https:\/\/tousabloc-medias.fr\/index.php\/mentions-lgales\/","og_locale":"fr_FR","og_type":"article","og_title":"Mentions l\u00e9gales - TOUSABLOC-MEDIAS","og_url":"https:\/\/tousabloc-medias.fr\/index.php\/mentions-lgales\/","og_site_name":"TOUSABLOC-MEDIAS","article_modified_time":"2026-03-22T07:04:56+00:00","twitter_card":"summary_large_image","schema":{"@context":"https:\/\/schema.org","@graph":[{"@type":"WebPage","@id":"https:\/\/tousabloc-medias.fr\/index.php\/mentions-lgales\/","url":"https:\/\/tousabloc-medias.fr\/index.php\/mentions-lgales\/","name":"Mentions l\u00e9gales - TOUSABLOC-MEDIAS","isPartOf":{"@id":"https:\/\/tousabloc-medias.fr\/#website"},"datePublished":"2026-03-22T07:01:46+00:00","dateModified":"2026-03-22T07:04:56+00:00","breadcrumb":{"@id":"https:\/\/tousabloc-medias.fr\/index.php\/mentions-lgales\/#breadcrumb"},"inLanguage":"fr-FR","potentialAction":[{"@type":"ReadAction","target":["https:\/\/tousabloc-medias.fr\/index.php\/mentions-lgales\/"]}]},{"@type":"BreadcrumbList","@id":"https:\/\/tousabloc-medias.fr\/index.php\/mentions-lgales\/#breadcrumb","itemListElement":[{"@type":"ListItem","position":1,"name":"Accueil","item":"https:\/\/tousabloc-medias.fr\/"},{"@type":"ListItem","position":2,"name":"Mentions l\u00e9gales"}]},{"@type":"WebSite","@id":"https:\/\/tousabloc-medias.fr\/#website","url":"https:\/\/tousabloc-medias.fr\/","name":"TOUSABLOC-MEDIAS","description":"Agence Web, Print, Mod\u00e9lisation et impression 3D, gravure laser","potentialAction":[{"@type":"SearchAction","target":{"@type":"EntryPoint","urlTemplate":"https:\/\/tousabloc-medias.fr\/?s={search_term_string}"},"query-input":{"@type":"PropertyValueSpecification","valueRequired":true,"valueName":"search_term_string"}}],"inLanguage":"fr-FR"}]}},"_links":{"self":[{"href":"https:\/\/tousabloc-medias.fr\/index.php\/wp-json\/wp\/v2\/pages\/308","targetHints":{"allow":["GET"]}}],"collection":[{"href":"https:\/\/tousabloc-medias.fr\/index.php\/wp-json\/wp\/v2\/pages"}],"about":[{"href":"https:\/\/tousabloc-medias.fr\/index.php\/wp-json\/wp\/v2\/types\/page"}],"author":[{"embeddable":true,"href":"https:\/\/tousabloc-medias.fr\/index.php\/wp-json\/wp\/v2\/users\/1"}],"replies":[{"embeddable":true,"href":"https:\/\/tousabloc-medias.fr\/index.php\/wp-json\/wp\/v2\/comments?post=308"}],"version-history":[{"count":1,"href":"https:\/\/tousabloc-medias.fr\/index.php\/wp-json\/wp\/v2\/pages\/308\/revisions"}],"predecessor-version":[{"id":309,"href":"https:\/\/tousabloc-medias.fr\/index.php\/wp-json\/wp\/v2\/pages\/308\/revisions\/309"}],"wp:attachment":[{"href":"https:\/\/tousabloc-medias.fr\/index.php\/wp-json\/wp\/v2\/media?parent=308"}],"curies":[{"name":"wp","href":"https:\/\/api.w.org\/{rel}","templated":true}]}}